{"id":4710,"date":"2021-12-17T11:15:27","date_gmt":"2021-12-17T09:15:27","guid":{"rendered":"https:\/\/kdnuoret.fi\/?page_id=4710"},"modified":"2021-12-17T11:15:33","modified_gmt":"2021-12-17T09:15:33","slug":"principprogram","status":"publish","type":"page","link":"https:\/\/kdnuoret.fi\/sv\/politik\/principprogram\/","title":{"rendered":"Principprogram"},"content":{"rendered":"\t\t<div data-elementor-type=\"wp-page\" data-elementor-id=\"4710\" class=\"elementor elementor-4710\" data-elementor-post-type=\"page\">\n\t\t\t\t\t\t<section class=\"elementor-section elementor-top-section elementor-element elementor-element-bb33ac3 elementor-section-boxed elementor-section-height-default elementor-section-height-default\" data-id=\"bb33ac3\" data-element_type=\"section\" data-e-type=\"section\">\n\t\t\t\t\t\t<div class=\"elementor-container elementor-column-gap-default\">\n\t\t\t\t\t<div class=\"elementor-column elementor-col-100 elementor-top-column elementor-element elementor-element-790daa2\" data-id=\"790daa2\" data-element_type=\"column\" data-e-type=\"column\">\n\t\t\t<div class=\"elementor-widget-wrap elementor-element-populated\">\n\t\t\t\t\t\t<div class=\"elementor-element elementor-element-95192d8 elementor-widget elementor-widget-text-editor\" data-id=\"95192d8\" data-element_type=\"widget\" data-e-type=\"widget\" data-widget_type=\"text-editor.default\">\n\t\t\t\t<div class=\"elementor-widget-container\">\n\t\t\t\t\t\t\t\t\t<h3 class=\"p1\">F\u00f6rord<\/h3><p class=\"p1\">Den kristna ungdomspolitiken f\u00f6ddes som en motvikt till studentradikalismen p\u00e5 1960-talet och ungdomsorganisationen grundades 1971 som Finlands kristliga f\u00f6rbunds ungdomar. Ungef\u00e4r hela sin existens har ungdomsorganisationen f\u00f6rs\u00f6kt styra b\u00e5de sin egen och moderpartiets Kristdemokraterna i Finlands politik mot en europeisk kristdemokratisk ideologi. Sedan 2000-talet har organisationen varit k\u00e4nd som Finlands Kristdemokratiska Unga, KD Unga. Ungdomsorganisationen \u00e4r \u00f6ppen f\u00f6r alla, oavsett livs\u00e5sk\u00e5dning eller personliga egenskaper.<\/p><p class=\"p1\">\u00c4ven om den politiska v\u00e4rlden har f\u00f6r\u00e4ndrats enormt p\u00e5 femtio \u00e5r, har kristdemokratins h\u00f6rnstenar inte f\u00f6rsvunnit n\u00e5gonstans. K\u00e4rlek till sin n\u00e4sta, frihet och ansvar samt att v\u00e4rna om milj\u00f6n \u00e4r de v\u00e4rderingar som v\u00e4gledde kristdemokratiska ungdomar f\u00f6r femtio \u00e5r sedan och som forts\u00e4tter leda oss \u00e4n idag. KD Ungas medlemmar f\u00f6renas av \u00f6vertygelsen om att det gemensamma b\u00e4sta h\u00e4rr\u00f6r fr\u00e5n de v\u00e4rderingar som har byggt den europeiska civilisationen i hundratals \u00e5r. Den kristdemokratiska ideologin \u00e4r inte byggd p\u00e5 sand, utan p\u00e5 berg.<\/p><p class=\"p1\">KD Unga str\u00e4var efter en kristdemokratisk r\u00f6relse genom pragmatism, m\u00e5ttlighet och subsidiaritetsprincipen inspirerar m\u00e4nniskor oavsett bakgrund, socioekonomisk status eller v\u00e4rldsbild. Vi vill bygga Finland till ett r\u00e4ttvist, uppmuntrande och s\u00e4kert samh\u00e4lle. Vi vill att beslut ska fattas med det gemensamma b\u00e4sta som m\u00e5l, \u00e4ven \u00f6ver generationsgr\u00e4nserna: alla ska ha r\u00e4tt att lita p\u00e5 framtiden.<\/p><p class=\"p1\">Detta principprogram f\u00f6rklarar grunderna f\u00f6r v\u00e5r ideologi och de v\u00e4gledande principerna bakom v\u00e5ra beslut, medan det politiska programmet erbjuder praktiska l\u00f6sningar p\u00e5 politiska teman. Vi f\u00f6rklarar sex principer som vi inte kompromissas om, vilka tillsammans utg\u00f6r k\u00e4rnan i KD Ungas politik. Ut\u00f6ver dessa principer styrs all v\u00e5r verksamhet av pragmatism, m\u00e5ttlighet och subsidiaritetsprincipen. Med andra ord m\u00e5ste beslut grunda sig p\u00e5 sanning och alltid ha det gemensamma b\u00e4sta som m\u00e5l, de m\u00e5ste vara rimliga och h\u00e5llbara och de m\u00e5ste fattas s\u00e5 n\u00e4ra medborgaren som m\u00f6jligt p\u00e5 l\u00e4gsta m\u00f6jliga niv\u00e5 i beslutshierarkin.<\/p><p class=\"p1\">Kristdemokrati \u00e4r inte en ism som skriker ut f\u00e4rdiga svar, utan en ideologi som fungerar som bollplank f\u00f6r olika politiska fr\u00e5gor. Som Esa Er\u00e4valo formulerar i sin bok \u201cYhteinen hyv\u00e4\u201d: Kristdemokratin \u00e4r inte ett s\u00e4tt att minska, utan att \u00f6ka sitt eget t\u00e4nkande. Vi hoppas att principprogrammet erbjuder dig en plattform p\u00e5 den kristdemokratiska v\u00e4rdeklippan att ta avstamp ifr\u00e5n f\u00f6r att n\u00e5 allt h\u00f6gre h\u00f6jder i ditt politiska engagemang. V\u00e4lkommen med!<\/p><p class=\"p1\">Annika Lyytik\u00e4inen, ordf\u00f6rande<\/p><p class=\"p1\"><em>Principprogrammet godk\u00e4ndes p\u00e5 KD Ungas \u00e5rsm\u00f6te den 21 november 2021.<\/em><\/p><h3 class=\"p1\">Det gemensamma b\u00e4sta<\/h3><p class=\"p1\">K\u00e4rnan i KD Ungas politik \u00e4r m\u00e5let att fr\u00e4mja det gemensamma b\u00e4sta: KD Unga har ingen intressegrupp som vi blint driver, utan med h\u00e4nvisning till k\u00e4rlek till v\u00e5r n\u00e4sta vill vi fr\u00e4mja ett b\u00e4ttre samh\u00e4lle f\u00f6r alla. D\u00e4rf\u00f6r \u00e4r unga kristdemokrater samarbetsvilliga, pragmatiska och sanningsorienterade. I str\u00e4van efter det gemensamma b\u00e4sta ing\u00e5r ocks\u00e5 internationellt samarbete och solidaritet, eftersom det gemensamma b\u00e4sta inte k\u00e4nner till riksgr\u00e4nser.<\/p><p class=\"p1\">Vi definierar godhet genom principer och v\u00e5ra handlingars konsekvenser. Det k\u00e4nns inte n\u00f6dv\u00e4ndigtvis alltid bra och \u00e4r inte alltid l\u00e4tt att fatta bra och r\u00e4tt beslut. Alla m\u00e4nniskor \u00e4r j\u00e4mlika sinsemellan och det enas b\u00e4sta \u00e4r aldrig viktigare \u00e4n den andras. Social r\u00e4ttvisa inneb\u00e4r inte att f\u00f6rdela el\u00e4nde j\u00e4mnt \u00e5t alla, utan att \u00e4ven de svagaste klarar i v\u00e5rt samh\u00e4lle.<\/p><h3 class=\"p1\">M\u00e4nniskosyn<\/h3><p class=\"p1\">Vi tror att varje m\u00e4nniskoliv \u00e4r v\u00e4rdefullt i alla stadier av dess existens och att alla m\u00e4nniskor \u00e4r lika v\u00e4rdefulla. Varje m\u00e4nniskas v\u00e4rde \u00e4r okr\u00e4nkbart och vi betraktar d\u00e4rf\u00f6r m\u00e4nniskov\u00e4rdet som ett egenv\u00e4rde.<\/p><p class=\"p1\">Den kristdemokratiska m\u00e4nniskosynen bygger p\u00e5 det faktum att ingen m\u00e4nniska \u00e4r perfekt: var och en av oss \u00e4r felbar och m\u00e4nniskan agerar inte alltid f\u00f6rnuftigt och bra, \u00e4ven om hon \u00e4r ute med goda avsikter. Vi str\u00e4var inte efter utopier eftersom den ofullkomliga m\u00e4nniskan inte kan uppn\u00e5 dem, och vi tror inte p\u00e5 att makten koncentreras till en eller n\u00e5gra f\u00e5 personer. Vi erbjuder ocks\u00e5 ett kristdemokratiskt alternativ till den liberala individualismen och socialistiska kollektivismen &#8211; personalism &#8211; som har sin grund i den judeokristna m\u00e4nniskobilden. Den enskilda personen f\u00e5r inte upph\u00f6jas \u00f6ver det gemensamma b\u00e4sta, men m\u00e4nniskov\u00e4rdet kan aldrig heller reduceras till en del av ett maskineri. Vi ser m\u00e4nniskan som en unik och v\u00e4rdefull individ, men ocks\u00e5 en viktig del av olika gemenskaper.<\/p><p class=\"p1\">Familjen \u00e4r samh\u00e4llets grundenhet. Familjer \u00e4r nyckeln till det finl\u00e4ndska v\u00e4lm\u00e5endet, men illam\u00e5endet v\u00e4xer ocks\u00e5 d\u00e4r. F\u00f6r\u00e4ldrars uppfostringsansvar kan i sig inte \u00f6verf\u00f6ras till samh\u00e4llet. D\u00e4rf\u00f6r utg\u00f6r familjernas v\u00e4lbefinnande k\u00e4rnan i KD Ungas politik.<\/p><h3 class=\"p1\">Ansvar f\u00f6r friheten<\/h3><p class=\"p1\">I enlighet med subsidiaritetsprincipen vill vi ge individer och familjer s\u00e5 mycket frihet som m\u00f6jligt att best\u00e4mma \u00f6ver sina egna angel\u00e4genheter. Vi v\u00e4rdes\u00e4tter marknadsekonomin, v\u00e4rnar om individuella friheter och vill se Finland som en fri och oberoende internationell akt\u00f6r. En fri individ \u00e4r b\u00e4st l\u00e4mpad att agera smed f\u00f6r sin egen lycka.<\/p><p class=\"p1\">Ansvar \u00e4r en automatisk f\u00f6ljd av frihet. Vi m\u00e5ste ta ansvar f\u00f6r de svagare i samh\u00e4llet, b\u00e5de i Finland och internationellt. Vi v\u00e4rnar om ett civilsamh\u00e4lle d\u00e4r individen \u00e4r ansvarig f\u00f6r sina egna handlingar och en del av en gemenskap som bryr sig om. Individers omh\u00e4ndertagande av varandra kan aldrig utkontrakteras till staten. Vi m\u00e5ste ocks\u00e5 ta ansvar f\u00f6r att de beslut vi fattar \u00e4r ekonomiskt, socialt och milj\u00f6m\u00e4ssigt h\u00e5llbara.<\/p><p class=\"p1\">KD Unga v\u00e4rdes\u00e4tter entrepren\u00f6rsanda och flit. Politiska beslut ska inte leda till en situation d\u00e4r det \u00e4r ekonomiskt l\u00f6nsammare f\u00f6r en person att inte arbeta. KD Unga anser att en social marknadsekonomi samt en fungerande demokrati d\u00e4r r\u00e4tten till \u00e4gande och de individuella friheterna skyddas \u00e4r den b\u00e4sta m\u00f6jliga samh\u00e4llsordningen.<\/p><h3 class=\"p1\">Bruka och v\u00e5rda<\/h3><p class=\"p1\">Enligt den judeokristna v\u00e4rldsbilden \u00e4r m\u00e4nniskan ansvarig f\u00f6r att bruka och v\u00e5rda jorden. Som vi vet har m\u00e4nniskorna dock b\u00f6rjat \u00f6verkonsumera jordens tillg\u00e5ngar. Det \u00e4r inte i linje med kristdemokratiska ideal. Under v\u00e5r livstid m\u00e5ste vi vara ansvarsfulla v\u00e4rdar f\u00f6r jorden och l\u00e4mna den \u00e5t kommande generationer i b\u00e4ttre skick \u00e4n d\u00e4r vi sj\u00e4lva fick den.<\/p><p class=\"p1\">Ut\u00f6ver naturen och milj\u00f6n till\u00e4mpar vi ocks\u00e5 principen om brukande och v\u00e5rdande p\u00e5 bildningen, kulturen och civilsamh\u00e4llet. Alla m\u00e5ste ha m\u00f6jlighet att ansvarsfullt utbilda och utveckla sig som samh\u00e4llsmedlem oavsett f\u00f6rm\u00f6genhet, bostad, hembakgrund eller andra egenskaper. Vi v\u00e4rdes\u00e4tter det arbete som utf\u00f6rts av tidigare generationer och v\u00e4rnar om dess frukter. Utbildning av medborgare ger samh\u00e4llet f\u00f6rutom arbetskraft och kompetens, \u00e4ven bildning och v\u00e4lm\u00e5ende \u00f6ver generationsklyftorna.<\/p><h3 class=\"p1\">S\u00e4kerhet<\/h3><p class=\"p1\">Alla har r\u00e4tt till ett tryggt hem och ett tryggt hemland. S\u00e4kerhet fr\u00e4mjas genom att se till myndigheters och f\u00f6rsvarets tillr\u00e4ckliga resurser, men ocks\u00e5 genom att s\u00e4kerst\u00e4lla s\u00e4kerheten i familjer, skolor, p\u00e5 arbetsplatser och v\u00e5rdinr\u00e4ttningar. V\u00e5rt m\u00e5l \u00e4r ett Finland, d\u00e4r ingen beh\u00f6ver vara orolig f\u00f6r sin egen s\u00e4kerhet.<\/p><p class=\"p1\">Finland \u00e4r inte en neutral stat. Till v\u00e5ra v\u00e4rderingar \u00e4r vi fr\u00e4mst ett v\u00e4sterl\u00e4ndskt land. Finlands verksamhet i FN och medlemskap i EU samt n\u00e4ra samarbete med Nato vittnar om detta.<\/p><p class=\"p1\">Ingen annan stat f\u00e5r direkt eller indirekt blanda sig i Finlands interna beslutsfattande om inte beslutander\u00e4tten i fr\u00e5gan frivilligt har \u00f6verf\u00f6rts till en \u00f6verstatlig akt\u00f6r. F\u00f6r att s\u00e4kerst\u00e4lla s\u00e4kerheten i framtiden driver KD Unga ett finl\u00e4ndskt Nato-medlemskap.<\/p><h3 class=\"p1\">Mod<\/h3><p class=\"p1\">KD Unga driver kristdemokratisk politik modigt och prutar inte p\u00e5 sina grundprinciper. Vi driver viktiga fr\u00e5gor kompromissl\u00f6st \u00e4ven d\u00e5 det inte \u00e4r popul\u00e4rt eller v\u00e4cker allm\u00e4n beundran. Vi v\u00e5gar rakryggat st\u00e5 upp f\u00f6r att f\u00f6rsvara sanningen och det gemensamma b\u00e4sta, och vi uppmuntrar v\u00e5ra medlemmar att g\u00f6ra det med. Vi \u00e4r inte r\u00e4dda f\u00f6r att kritiskt se \u00f6ver v\u00e5ra egna \u00e5sikter och vi \u00e4r redo att uppdatera dem i ljuset av ny och b\u00e4ttre kunskap.<\/p>\t\t\t\t\t\t\t\t<\/div>\n\t\t\t\t<\/div>\n\t\t\t\t\t<\/div>\n\t\t<\/div>\n\t\t\t\t\t<\/div>\n\t\t<\/section>\n\t\t\t\t<\/div>\n\t\t","protected":false},"excerpt":{"rendered":"<p>F\u00f6rord Den kristna ungdomspolitiken f\u00f6ddes som en motvikt till studentradikalismen p\u00e5 1960-talet och ungdomsorganisationen grundades 1971 som Finlands kristliga f\u00f6rbunds ungdomar. Ungef\u00e4r hela sin existens har ungdomsorganisationen f\u00f6rs\u00f6kt styra b\u00e5de sin egen och moderpartiets Kristdemokraterna i Finlands politik mot en europeisk kristdemokratisk ideologi. Sedan 2000-talet har organisationen varit k\u00e4nd som Finlands Kristdemokratiska Unga, KD Unga. [&hellip;]<\/p>\n","protected":false},"author":2,"featured_media":4021,"parent":4071,"menu_order":0,"comment_status":"closed","ping_status":"closed","template":"","meta":{"ocean_post_layout":"","ocean_both_sidebars_style":"","ocean_both_sidebars_content_width":0,"ocean_both_sidebars_sidebars_width":0,"ocean_sidebar":"0","ocean_second_sidebar":"0","ocean_disable_margins":"enable","ocean_add_body_class":"","ocean_shortcode_before_top_bar":"","ocean_shortcode_after_top_bar":"","ocean_shortcode_before_header":"","ocean_shortcode_after_header":"[oceanwp_library id=\"595\"]","ocean_has_shortcode":"","ocean_shortcode_after_title":"","ocean_shortcode_before_footer_widgets":"","ocean_shortcode_after_footer_widgets":"","ocean_shortcode_before_footer_bottom":"","ocean_shortcode_after_footer_bottom":"","ocean_display_top_bar":"default","ocean_display_header":"default","ocean_header_style":"","ocean_center_header_left_menu":"0","ocean_custom_header_template":"0","ocean_custom_logo":0,"ocean_custom_retina_logo":0,"ocean_custom_logo_max_width":0,"ocean_custom_logo_tablet_max_width":0,"ocean_custom_logo_mobile_max_width":0,"ocean_custom_logo_max_height":0,"ocean_custom_logo_tablet_max_height":0,"ocean_custom_logo_mobile_max_height":0,"ocean_header_custom_menu":"0","ocean_menu_typo_font_family":"0","ocean_menu_typo_font_subset":"","ocean_menu_typo_font_size":0,"ocean_menu_typo_font_size_tablet":0,"ocean_menu_typo_font_size_mobile":0,"ocean_menu_typo_font_size_unit":"px","ocean_menu_typo_font_weight":"","ocean_menu_typo_font_weight_tablet":"","ocean_menu_typo_font_weight_mobile":"","ocean_menu_typo_transform":"","ocean_menu_typo_transform_tablet":"","ocean_menu_typo_transform_mobile":"","ocean_menu_typo_line_height":0,"ocean_menu_typo_line_height_tablet":0,"ocean_menu_typo_line_height_mobile":0,"ocean_menu_typo_line_height_unit":"","ocean_menu_typo_spacing":0,"ocean_menu_typo_spacing_tablet":0,"ocean_menu_typo_spacing_mobile":0,"ocean_menu_typo_spacing_unit":"","ocean_menu_link_color":"","ocean_menu_link_color_hover":"","ocean_menu_link_color_active":"","ocean_menu_link_background":"","ocean_menu_link_hover_background":"","ocean_menu_link_active_background":"","ocean_menu_social_links_bg":"","ocean_menu_social_hover_links_bg":"","ocean_menu_social_links_color":"","ocean_menu_social_hover_links_color":"","ocean_disable_title":"default","ocean_disable_heading":"default","ocean_post_title":"","ocean_post_subheading":"","ocean_post_title_style":"","ocean_post_title_background_color":"","ocean_post_title_background":0,"ocean_post_title_bg_image_position":"","ocean_post_title_bg_image_attachment":"","ocean_post_title_bg_image_repeat":"","ocean_post_title_bg_image_size":"","ocean_post_title_height":0,"ocean_post_title_bg_overlay":0.5,"ocean_post_title_bg_overlay_color":"","ocean_disable_breadcrumbs":"default","ocean_breadcrumbs_color":"","ocean_breadcrumbs_separator_color":"","ocean_breadcrumbs_links_color":"","ocean_breadcrumbs_links_hover_color":"","ocean_display_footer_widgets":"default","ocean_display_footer_bottom":"default","ocean_custom_footer_template":"0","osh_disable_topbar_sticky":"default","osh_disable_header_sticky":"default","osh_sticky_header_style":"default","osh_sticky_header_effect":"","osh_custom_sticky_logo":0,"osh_custom_retina_sticky_logo":0,"osh_custom_sticky_logo_height":0,"osh_background_color":"","osh_links_color":"","osh_links_hover_color":"","osh_links_active_color":"","osh_links_bg_color":"","osh_links_hover_bg_color":"","osh_links_active_bg_color":"","osh_menu_social_links_color":"","osh_menu_social_hover_links_color":"","footnotes":""},"class_list":["post-4710","page","type-page","status-publish","has-post-thumbnail","hentry","entry","has-media"],"yoast_head":"<!-- This site is optimized with the Yoast SEO plugin v27.3 - https:\/\/yoast.com\/product\/yoast-seo-wordpress\/ -->\n<title>Principprogram - KD Nuoret<\/title>\n<meta name=\"robots\" content=\"index, follow, max-snippet:-1, max-image-preview:large, max-video-preview:-1\" \/>\n<link rel=\"canonical\" href=\"https:\/\/kdnuoret.fi\/sv\/politik\/principprogram\/\" \/>\n<meta property=\"og:locale\" content=\"sv_SE\" \/>\n<meta property=\"og:type\" content=\"article\" \/>\n<meta property=\"og:title\" content=\"Principprogram - KD Nuoret\" \/>\n<meta property=\"og:description\" content=\"F\u00f6rord Den kristna ungdomspolitiken f\u00f6ddes som en motvikt till studentradikalismen p\u00e5 1960-talet och ungdomsorganisationen grundades 1971 som Finlands kristliga f\u00f6rbunds ungdomar. Ungef\u00e4r hela sin existens har ungdomsorganisationen f\u00f6rs\u00f6kt styra b\u00e5de sin egen och moderpartiets Kristdemokraterna i Finlands politik mot en europeisk kristdemokratisk ideologi. Sedan 2000-talet har organisationen varit k\u00e4nd som Finlands Kristdemokratiska Unga, KD Unga. [&hellip;]\" \/>\n<meta property=\"og:url\" content=\"https:\/\/kdnuoret.fi\/sv\/politik\/principprogram\/\" \/>\n<meta property=\"og:site_name\" content=\"KD Nuoret\" \/>\n<meta property=\"article:modified_time\" content=\"2021-12-17T09:15:33+00:00\" \/>\n<meta property=\"og:image\" content=\"https:\/\/kdnuoret.fi\/wp-content\/uploads\/2021\/05\/kdnuoret_periaateohjelma_bg.jpg\" \/>\n\t<meta property=\"og:image:width\" content=\"2200\" \/>\n\t<meta property=\"og:image:height\" content=\"521\" \/>\n\t<meta property=\"og:image:type\" content=\"image\/jpeg\" \/>\n<meta name=\"twitter:card\" content=\"summary_large_image\" \/>\n<meta name=\"twitter:label1\" content=\"Ber\u00e4knad l\u00e4stid\" \/>\n\t<meta name=\"twitter:data1\" content=\"8 minuter\" \/>\n<script type=\"application\/ld+json\" class=\"yoast-schema-graph\">{\"@context\":\"https:\\\/\\\/schema.org\",\"@graph\":[{\"@type\":\"WebPage\",\"@id\":\"https:\\\/\\\/kdnuoret.fi\\\/sv\\\/politik\\\/principprogram\\\/\",\"url\":\"https:\\\/\\\/kdnuoret.fi\\\/sv\\\/politik\\\/principprogram\\\/\",\"name\":\"Principprogram - KD Nuoret\",\"isPartOf\":{\"@id\":\"https:\\\/\\\/kdnuoret.fi\\\/sv\\\/#website\"},\"primaryImageOfPage\":{\"@id\":\"https:\\\/\\\/kdnuoret.fi\\\/sv\\\/politik\\\/principprogram\\\/#primaryimage\"},\"image\":{\"@id\":\"https:\\\/\\\/kdnuoret.fi\\\/sv\\\/politik\\\/principprogram\\\/#primaryimage\"},\"thumbnailUrl\":\"https:\\\/\\\/kdnuoret.fi\\\/wp-content\\\/uploads\\\/2021\\\/05\\\/kdnuoret_periaateohjelma_bg.jpg\",\"datePublished\":\"2021-12-17T09:15:27+00:00\",\"dateModified\":\"2021-12-17T09:15:33+00:00\",\"breadcrumb\":{\"@id\":\"https:\\\/\\\/kdnuoret.fi\\\/sv\\\/politik\\\/principprogram\\\/#breadcrumb\"},\"inLanguage\":\"sv-SE\",\"potentialAction\":[{\"@type\":\"ReadAction\",\"target\":[\"https:\\\/\\\/kdnuoret.fi\\\/sv\\\/politik\\\/principprogram\\\/\"]}]},{\"@type\":\"ImageObject\",\"inLanguage\":\"sv-SE\",\"@id\":\"https:\\\/\\\/kdnuoret.fi\\\/sv\\\/politik\\\/principprogram\\\/#primaryimage\",\"url\":\"https:\\\/\\\/kdnuoret.fi\\\/wp-content\\\/uploads\\\/2021\\\/05\\\/kdnuoret_periaateohjelma_bg.jpg\",\"contentUrl\":\"https:\\\/\\\/kdnuoret.fi\\\/wp-content\\\/uploads\\\/2021\\\/05\\\/kdnuoret_periaateohjelma_bg.jpg\",\"width\":2200,\"height\":521},{\"@type\":\"BreadcrumbList\",\"@id\":\"https:\\\/\\\/kdnuoret.fi\\\/sv\\\/politik\\\/principprogram\\\/#breadcrumb\",\"itemListElement\":[{\"@type\":\"ListItem\",\"position\":1,\"name\":\"Etusivu\",\"item\":\"https:\\\/\\\/kdnuoret.fi\\\/sv\\\/\"},{\"@type\":\"ListItem\",\"position\":2,\"name\":\"Politik\",\"item\":\"https:\\\/\\\/kdnuoret.fi\\\/sv\\\/politik\\\/\"},{\"@type\":\"ListItem\",\"position\":3,\"name\":\"Principprogram\"}]},{\"@type\":\"WebSite\",\"@id\":\"https:\\\/\\\/kdnuoret.fi\\\/sv\\\/#website\",\"url\":\"https:\\\/\\\/kdnuoret.fi\\\/sv\\\/\",\"name\":\"KD Nuoret\",\"description\":\"KDN\",\"publisher\":{\"@id\":\"https:\\\/\\\/kdnuoret.fi\\\/sv\\\/#organization\"},\"potentialAction\":[{\"@type\":\"SearchAction\",\"target\":{\"@type\":\"EntryPoint\",\"urlTemplate\":\"https:\\\/\\\/kdnuoret.fi\\\/sv\\\/?s={search_term_string}\"},\"query-input\":{\"@type\":\"PropertyValueSpecification\",\"valueRequired\":true,\"valueName\":\"search_term_string\"}}],\"inLanguage\":\"sv-SE\"},{\"@type\":\"Organization\",\"@id\":\"https:\\\/\\\/kdnuoret.fi\\\/sv\\\/#organization\",\"name\":\"KD Nuoret\",\"url\":\"https:\\\/\\\/kdnuoret.fi\\\/sv\\\/\",\"logo\":{\"@type\":\"ImageObject\",\"inLanguage\":\"sv-SE\",\"@id\":\"https:\\\/\\\/kdnuoret.fi\\\/sv\\\/#\\\/schema\\\/logo\\\/image\\\/\",\"url\":\"https:\\\/\\\/kdnuoret.fi\\\/wp-content\\\/uploads\\\/2020\\\/04\\\/logo_horisontti_valk.svg\",\"contentUrl\":\"https:\\\/\\\/kdnuoret.fi\\\/wp-content\\\/uploads\\\/2020\\\/04\\\/logo_horisontti_valk.svg\",\"caption\":\"KD Nuoret\"},\"image\":{\"@id\":\"https:\\\/\\\/kdnuoret.fi\\\/sv\\\/#\\\/schema\\\/logo\\\/image\\\/\"}}]}<\/script>\n<!-- \/ Yoast SEO plugin. -->","yoast_head_json":{"title":"Principprogram - KD Nuoret","robots":{"index":"index","follow":"follow","max-snippet":"max-snippet:-1","max-image-preview":"max-image-preview:large","max-video-preview":"max-video-preview:-1"},"canonical":"https:\/\/kdnuoret.fi\/sv\/politik\/principprogram\/","og_locale":"sv_SE","og_type":"article","og_title":"Principprogram - KD Nuoret","og_description":"F\u00f6rord Den kristna ungdomspolitiken f\u00f6ddes som en motvikt till studentradikalismen p\u00e5 1960-talet och ungdomsorganisationen grundades 1971 som Finlands kristliga f\u00f6rbunds ungdomar. Ungef\u00e4r hela sin existens har ungdomsorganisationen f\u00f6rs\u00f6kt styra b\u00e5de sin egen och moderpartiets Kristdemokraterna i Finlands politik mot en europeisk kristdemokratisk ideologi. Sedan 2000-talet har organisationen varit k\u00e4nd som Finlands Kristdemokratiska Unga, KD Unga. [&hellip;]","og_url":"https:\/\/kdnuoret.fi\/sv\/politik\/principprogram\/","og_site_name":"KD Nuoret","article_modified_time":"2021-12-17T09:15:33+00:00","og_image":[{"width":2200,"height":521,"url":"https:\/\/kdnuoret.fi\/wp-content\/uploads\/2021\/05\/kdnuoret_periaateohjelma_bg.jpg","type":"image\/jpeg"}],"twitter_card":"summary_large_image","twitter_misc":{"Ber\u00e4knad l\u00e4stid":"8 minuter"},"schema":{"@context":"https:\/\/schema.org","@graph":[{"@type":"WebPage","@id":"https:\/\/kdnuoret.fi\/sv\/politik\/principprogram\/","url":"https:\/\/kdnuoret.fi\/sv\/politik\/principprogram\/","name":"Principprogram - KD Nuoret","isPartOf":{"@id":"https:\/\/kdnuoret.fi\/sv\/#website"},"primaryImageOfPage":{"@id":"https:\/\/kdnuoret.fi\/sv\/politik\/principprogram\/#primaryimage"},"image":{"@id":"https:\/\/kdnuoret.fi\/sv\/politik\/principprogram\/#primaryimage"},"thumbnailUrl":"https:\/\/kdnuoret.fi\/wp-content\/uploads\/2021\/05\/kdnuoret_periaateohjelma_bg.jpg","datePublished":"2021-12-17T09:15:27+00:00","dateModified":"2021-12-17T09:15:33+00:00","breadcrumb":{"@id":"https:\/\/kdnuoret.fi\/sv\/politik\/principprogram\/#breadcrumb"},"inLanguage":"sv-SE","potentialAction":[{"@type":"ReadAction","target":["https:\/\/kdnuoret.fi\/sv\/politik\/principprogram\/"]}]},{"@type":"ImageObject","inLanguage":"sv-SE","@id":"https:\/\/kdnuoret.fi\/sv\/politik\/principprogram\/#primaryimage","url":"https:\/\/kdnuoret.fi\/wp-content\/uploads\/2021\/05\/kdnuoret_periaateohjelma_bg.jpg","contentUrl":"https:\/\/kdnuoret.fi\/wp-content\/uploads\/2021\/05\/kdnuoret_periaateohjelma_bg.jpg","width":2200,"height":521},{"@type":"BreadcrumbList","@id":"https:\/\/kdnuoret.fi\/sv\/politik\/principprogram\/#breadcrumb","itemListElement":[{"@type":"ListItem","position":1,"name":"Etusivu","item":"https:\/\/kdnuoret.fi\/sv\/"},{"@type":"ListItem","position":2,"name":"Politik","item":"https:\/\/kdnuoret.fi\/sv\/politik\/"},{"@type":"ListItem","position":3,"name":"Principprogram"}]},{"@type":"WebSite","@id":"https:\/\/kdnuoret.fi\/sv\/#website","url":"https:\/\/kdnuoret.fi\/sv\/","name":"KD Nuoret","description":"KDN","publisher":{"@id":"https:\/\/kdnuoret.fi\/sv\/#organization"},"potentialAction":[{"@type":"SearchAction","target":{"@type":"EntryPoint","urlTemplate":"https:\/\/kdnuoret.fi\/sv\/?s={search_term_string}"},"query-input":{"@type":"PropertyValueSpecification","valueRequired":true,"valueName":"search_term_string"}}],"inLanguage":"sv-SE"},{"@type":"Organization","@id":"https:\/\/kdnuoret.fi\/sv\/#organization","name":"KD Nuoret","url":"https:\/\/kdnuoret.fi\/sv\/","logo":{"@type":"ImageObject","inLanguage":"sv-SE","@id":"https:\/\/kdnuoret.fi\/sv\/#\/schema\/logo\/image\/","url":"https:\/\/kdnuoret.fi\/wp-content\/uploads\/2020\/04\/logo_horisontti_valk.svg","contentUrl":"https:\/\/kdnuoret.fi\/wp-content\/uploads\/2020\/04\/logo_horisontti_valk.svg","caption":"KD Nuoret"},"image":{"@id":"https:\/\/kdnuoret.fi\/sv\/#\/schema\/logo\/image\/"}}]}},"_links":{"self":[{"href":"https:\/\/kdnuoret.fi\/sv\/wp-json\/wp\/v2\/pages\/4710","targetHints":{"allow":["GET"]}}],"collection":[{"href":"https:\/\/kdnuoret.fi\/sv\/wp-json\/wp\/v2\/pages"}],"about":[{"href":"https:\/\/kdnuoret.fi\/sv\/wp-json\/wp\/v2\/types\/page"}],"author":[{"embeddable":true,"href":"https:\/\/kdnuoret.fi\/sv\/wp-json\/wp\/v2\/users\/2"}],"replies":[{"embeddable":true,"href":"https:\/\/kdnuoret.fi\/sv\/wp-json\/wp\/v2\/comments?post=4710"}],"version-history":[{"count":8,"href":"https:\/\/kdnuoret.fi\/sv\/wp-json\/wp\/v2\/pages\/4710\/revisions"}],"predecessor-version":[{"id":4718,"href":"https:\/\/kdnuoret.fi\/sv\/wp-json\/wp\/v2\/pages\/4710\/revisions\/4718"}],"up":[{"embeddable":true,"href":"https:\/\/kdnuoret.fi\/sv\/wp-json\/wp\/v2\/pages\/4071"}],"wp:featuredmedia":[{"embeddable":true,"href":"https:\/\/kdnuoret.fi\/sv\/wp-json\/wp\/v2\/media\/4021"}],"wp:attachment":[{"href":"https:\/\/kdnuoret.fi\/sv\/wp-json\/wp\/v2\/media?parent=4710"}],"curies":[{"name":"wp","href":"https:\/\/api.w.org\/{rel}","templated":true}]}}