{"id":4487,"date":"2021-10-13T08:31:58","date_gmt":"2021-10-13T06:31:58","guid":{"rendered":"https:\/\/kdnuoret.fi\/?page_id=4487"},"modified":"2021-12-03T08:46:31","modified_gmt":"2021-12-03T06:46:31","slug":"aktuella-fragor","status":"publish","type":"page","link":"https:\/\/kdnuoret.fi\/sv\/politik\/aktuella-fragor\/","title":{"rendered":"Aktuella fr\u00e5gor"},"content":{"rendered":"\t\t<div data-elementor-type=\"wp-page\" data-elementor-id=\"4487\" class=\"elementor elementor-4487 elementor-1187\" data-elementor-post-type=\"page\">\n\t\t\t\t\t\t<section class=\"elementor-section elementor-top-section elementor-element elementor-element-bb33ac3 elementor-section-boxed elementor-section-height-default elementor-section-height-default\" data-id=\"bb33ac3\" data-element_type=\"section\" data-e-type=\"section\">\n\t\t\t\t\t\t<div class=\"elementor-container elementor-column-gap-default\">\n\t\t\t\t\t<div class=\"elementor-column elementor-col-100 elementor-top-column elementor-element elementor-element-790daa2\" data-id=\"790daa2\" data-element_type=\"column\" data-e-type=\"column\">\n\t\t\t<div class=\"elementor-widget-wrap elementor-element-populated\">\n\t\t\t\t\t\t<div class=\"elementor-element elementor-element-cb21e8d elementor-widget elementor-widget-tp-blog-listout\" data-id=\"cb21e8d\" data-element_type=\"widget\" data-e-type=\"widget\" data-widget_type=\"tp-blog-listout.default\">\n\t\t\t\t\t<div id=\"pt-plus-blog-post-list\" class=\"blog-list post69f6234526f41  list-isotope  blog-style-4 hover-image-none pt-plus-filter-post-category    \"  data-layout-type=\"fitRows\"   data-id=\"post69f6234526f41\" data-style=\"style-4\"   dir= data-enable-isotope=\"1\" filter-type = \"normal\"><div class=\"post-filter-data style-1 text-center\"><ul class=\"category-filters style-1 hover-style-1\"><li><a href=\"#\" class=\"filter-category-list active all\" data-filter=\"*\" ><span data-hover=\"Alla\">Alla<\/span><span class=\"all_post_count\">7<\/span><\/a><\/li><li><a href=\"#\" class=\"filter-category-list\" data-filter=\".allman-sv\"><span data-hover=\"Allm\u00e4n\">Allm\u00e4n<\/span><\/a><\/li><li><a href=\"#\" class=\"filter-category-list\" data-filter=\".engagemang\"><span data-hover=\"Engagemang\">Engagemang<\/span><\/a><\/li><li><a href=\"#\" class=\"filter-category-list\" data-filter=\".nyheter\"><span data-hover=\"Nyheter\">Nyheter<\/span><\/a><\/li><\/ul><\/div><div id=\"post69f6234526f41\" class=\"tp-row post-inner-loop post69f6234526f41    tp-listing-preloader\" data-extparam= '{\"loading-opt\":\"skeleton\",\"URL-para\":\"\"}'  ><div class=\"grid-item metro-item  tp-col-lg-4 tp-col-md-6 tp-col-sm-12 tp-col-12  allman-sv  \"><article id=\"post-6248\" class=\"post-6248 post type-post status-publish format-standard has-post-thumbnail hentry category-allman-sv entry has-media\">\n\t<div class=\"blog-list-content\">\t\t\n\t\t<div class=\"post-content-bottom\">\n\t\t\t<a href=\"https:\/\/kdnuoret.fi\/sv\/allman-sv\/kd-ungas-arsmote-jerusalem-maste-erkannas-som-israels-huvudstad\/\" class=\"post-bg-image-content\"><div class=\"blog-bg-image-metro \" style=\"background:url(https:\/\/kdnuoret.fi\/wp-content\/uploads\/2023\/11\/2.png) #f7f7f7;\"><\/div><\/a>\n\t\t\t<div class=\"post-metro-content\">\n\t\t\t\t\t\t\t\t\t<div class=\"post-metro-category-top\">\n\t\t\t\t\t\t<div class=\"post-category-list style-1\">\t\n\t<span><a href=\"https:\/\/kdnuoret.fi\/sv\/.\/allman-sv\/\">Allm\u00e4n<\/a><\/span><\/div>\n\n\t\t\t\t\t<\/div>\n\t\t\t\t\t\t\t\t<h3 class=\"post-title\">\n\t<a href=\"https:\/\/kdnuoret.fi\/sv\/allman-sv\/kd-ungas-arsmote-jerusalem-maste-erkannas-som-israels-huvudstad\/\" class=\"normal\">KD Ungas \u00e5rsm\u00f6te: Jerusalem m\u00e5ste erk\u00e4nnas som Israels huvudstad<\/a>\n<\/h3>\n\t\t\t\t\t\t\t\t\t\t\t\t\t\t\t<\/div>\n\t\t<\/div>\t\n\t\t\t\n\t<\/div>\n<\/article>\n<\/div><div class=\"grid-item metro-item  tp-col-lg-4 tp-col-md-6 tp-col-sm-12 tp-col-12  engagemang  nyheter  \"><article id=\"post-5956\" class=\"post-5956 post type-post status-publish format-standard has-post-thumbnail hentry category-engagemang category-nyheter entry has-media\">\n\t<div class=\"blog-list-content\">\t\t\n\t\t<div class=\"post-content-bottom\">\n\t\t\t<a href=\"https:\/\/kdnuoret.fi\/sv\/nyheter\/arsmote-4-5-11-2023-i-seinajoki\/\" class=\"post-bg-image-content\"><div class=\"blog-bg-image-metro \" style=\"background:url(https:\/\/kdnuoret.fi\/wp-content\/uploads\/2023\/04\/4.11.-VAASA-5.png) #f7f7f7;\"><\/div><\/a>\n\t\t\t<div class=\"post-metro-content\">\n\t\t\t\t\t\t\t\t\t<div class=\"post-metro-category-top\">\n\t\t\t\t\t\t<div class=\"post-category-list style-1\">\t\n\t<span><a href=\"https:\/\/kdnuoret.fi\/sv\/.\/engagemang\/\">Engagemang<\/a><\/span><\/div>\n\n\t\t\t\t\t<\/div>\n\t\t\t\t\t\t\t\t<h3 class=\"post-title\">\n\t<a href=\"https:\/\/kdnuoret.fi\/sv\/nyheter\/arsmote-4-5-11-2023-i-seinajoki\/\" class=\"normal\">\u00c5rsm\u00f6te 4.-5.11.2023 i Sein\u00e4joki!<\/a>\n<\/h3>\n\t\t\t\t\t\t\t\t\t\t\t\t\t\t\t<\/div>\n\t\t<\/div>\t\n\t\t\t\n\t<\/div>\n<\/article>\n<\/div><div class=\"grid-item metro-item  tp-col-lg-4 tp-col-md-6 tp-col-sm-12 tp-col-12  engagemang  \"><article id=\"post-5171\" class=\"post-5171 post type-post status-publish format-standard has-post-thumbnail hentry category-engagemang entry has-media\">\n\t<div class=\"blog-list-content\">\t\t\n\t\t<div class=\"post-content-bottom\">\n\t\t\t<a href=\"https:\/\/kdnuoret.fi\/sv\/engagemang\/sustainability-within-christian-democracy-seminar-17-18-9\/\" class=\"post-bg-image-content\"><div class=\"blog-bg-image-metro \" style=\"background:url(https:\/\/kdnuoret.fi\/wp-content\/uploads\/2022\/09\/Agora-2022-\u2013-Koulutus-1-Instagram-postaus-18.png) #f7f7f7;\"><\/div><\/a>\n\t\t\t<div class=\"post-metro-content\">\n\t\t\t\t\t\t\t\t\t<div class=\"post-metro-category-top\">\n\t\t\t\t\t\t<div class=\"post-category-list style-1\">\t\n\t<span><a href=\"https:\/\/kdnuoret.fi\/sv\/.\/engagemang\/\">Engagemang<\/a><\/span><\/div>\n\n\t\t\t\t\t<\/div>\n\t\t\t\t\t\t\t\t<h3 class=\"post-title\">\n\t<a href=\"https:\/\/kdnuoret.fi\/sv\/engagemang\/sustainability-within-christian-democracy-seminar-17-18-9\/\" class=\"normal\">Sustainability within Christian Democracy -seminar 17.-18.9.<\/a>\n<\/h3>\n\t\t\t\t\t\t\t\t\t\t\t\t\t\t\t<\/div>\n\t\t<\/div>\t\n\t\t\t\n\t<\/div>\n<\/article>\n<\/div><div class=\"grid-item metro-item  tp-col-lg-4 tp-col-md-6 tp-col-sm-12 tp-col-12  engagemang  nyheter  \"><article id=\"post-5159\" class=\"post-5159 post type-post status-publish format-standard has-post-thumbnail hentry category-engagemang category-nyheter entry has-media\">\n\t<div class=\"blog-list-content\">\t\t\n\t\t<div class=\"post-content-bottom\">\n\t\t\t<a href=\"https:\/\/kdnuoret.fi\/sv\/nyheter\/arsmote-19-20-11-2022-i-abo\/\" class=\"post-bg-image-content\"><div class=\"blog-bg-image-metro \" style=\"background:url(https:\/\/kdnuoret.fi\/wp-content\/uploads\/2022\/09\/a\u030arsmo\u0308te_2022_FEED_2.png) #f7f7f7;\"><\/div><\/a>\n\t\t\t<div class=\"post-metro-content\">\n\t\t\t\t\t\t\t\t\t<div class=\"post-metro-category-top\">\n\t\t\t\t\t\t<div class=\"post-category-list style-1\">\t\n\t<span><a href=\"https:\/\/kdnuoret.fi\/sv\/.\/engagemang\/\">Engagemang<\/a><\/span><\/div>\n\n\t\t\t\t\t<\/div>\n\t\t\t\t\t\t\t\t<h3 class=\"post-title\">\n\t<a href=\"https:\/\/kdnuoret.fi\/sv\/nyheter\/arsmote-19-20-11-2022-i-abo\/\" class=\"normal\">\u00c5rsm\u00f6te 19.-20.11.2022 i \u00c5bo!<\/a>\n<\/h3>\n\t\t\t\t\t\t\t\t\t\t\t\t\t\t\t<\/div>\n\t\t<\/div>\t\n\t\t\t\n\t<\/div>\n<\/article>\n<\/div><div class=\"grid-item metro-item  tp-col-lg-4 tp-col-md-6 tp-col-sm-12 tp-col-12  nyheter  \"><article id=\"post-5108\" class=\"post-5108 post type-post status-publish format-standard has-post-thumbnail hentry category-nyheter entry has-media\">\n\t<div class=\"blog-list-content\">\t\t\n\t\t<div class=\"post-content-bottom\">\n\t\t\t<a href=\"https:\/\/kdnuoret.fi\/sv\/nyheter\/nya-medlemmar-till-kd-unga-efterlyses\/\" class=\"post-bg-image-content\"><div class=\"blog-bg-image-metro \" style=\"background:url(https:\/\/kdnuoret.fi\/wp-content\/uploads\/2022\/06\/WANTED_IG_SV.png) #f7f7f7;\"><\/div><\/a>\n\t\t\t<div class=\"post-metro-content\">\n\t\t\t\t\t\t\t\t\t<div class=\"post-metro-category-top\">\n\t\t\t\t\t\t<div class=\"post-category-list style-1\">\t\n\t<span><a href=\"https:\/\/kdnuoret.fi\/sv\/.\/nyheter\/\">Nyheter<\/a><\/span><\/div>\n\n\t\t\t\t\t<\/div>\n\t\t\t\t\t\t\t\t<h3 class=\"post-title\">\n\t<a href=\"https:\/\/kdnuoret.fi\/sv\/nyheter\/nya-medlemmar-till-kd-unga-efterlyses\/\" class=\"normal\">Nya medlemmar till KD Unga efterlyses!<\/a>\n<\/h3>\n\t\t\t\t\t\t\t\t\t\t\t\t\t\t\t<\/div>\n\t\t<\/div>\t\n\t\t\t\n\t<\/div>\n<\/article>\n<\/div><div class=\"grid-item metro-item  tp-col-lg-4 tp-col-md-6 tp-col-sm-12 tp-col-12  nyheter  \"><article id=\"post-4882\" class=\"post-4882 post type-post status-publish format-standard has-post-thumbnail hentry category-nyheter entry has-media\">\n\t<div class=\"blog-list-content\">\t\t\n\t\t<div class=\"post-content-bottom\">\n\t\t\t<a href=\"https:\/\/kdnuoret.fi\/sv\/nyheter\/ansokan-till-kd-ungas-arbetsgrupper-ar-oppen\/\" class=\"post-bg-image-content\"><div class=\"blog-bg-image-metro \" style=\"background:url(https:\/\/kdnuoret.fi\/wp-content\/uploads\/2022\/02\/Kopio-Arvoklubi-1.10.2021-IG-Post-8.png) #f7f7f7;\"><\/div><\/a>\n\t\t\t<div class=\"post-metro-content\">\n\t\t\t\t\t\t\t\t\t<div class=\"post-metro-category-top\">\n\t\t\t\t\t\t<div class=\"post-category-list style-1\">\t\n\t<span><a href=\"https:\/\/kdnuoret.fi\/sv\/.\/nyheter\/\">Nyheter<\/a><\/span><\/div>\n\n\t\t\t\t\t<\/div>\n\t\t\t\t\t\t\t\t<h3 class=\"post-title\">\n\t<a href=\"https:\/\/kdnuoret.fi\/sv\/nyheter\/ansokan-till-kd-ungas-arbetsgrupper-ar-oppen\/\" class=\"normal\">Ans\u00f6kan till KD Ungas arbetsgrupper \u00e4r \u00f6ppen!<\/a>\n<\/h3>\n\t\t\t\t\t\t\t\t\t\t\t\t\t\t\t<\/div>\n\t\t<\/div>\t\n\t\t\t\n\t<\/div>\n<\/article>\n<\/div><div class=\"grid-item metro-item  tp-col-lg-4 tp-col-md-6 tp-col-sm-12 tp-col-12  allman-sv  \"><article id=\"post-4359\" class=\"post-4359 post type-post status-publish format-standard has-post-thumbnail hentry category-allman-sv entry has-media\">\n\t<div class=\"blog-list-content\">\t\t\n\t\t<div class=\"post-content-bottom\">\n\t\t\t<a href=\"https:\/\/kdnuoret.fi\/sv\/allman-sv\/hej-vill-du-diskutera-tvangsandrainhemskaspraket-en-stund\/\" class=\"post-bg-image-content\"><div class=\"blog-bg-image-metro \" style=\"background:url(https:\/\/kdnuoret.fi\/wp-content\/uploads\/2021\/09\/shutterstock_1986406079-1-scaled.jpg) #f7f7f7;\"><\/div><\/a>\n\t\t\t<div class=\"post-metro-content\">\n\t\t\t\t\t\t\t\t\t<div class=\"post-metro-category-top\">\n\t\t\t\t\t\t<div class=\"post-category-list style-1\">\t\n\t<span><a href=\"https:\/\/kdnuoret.fi\/sv\/.\/allman-sv\/\">Allm\u00e4n<\/a><\/span><\/div>\n\n\t\t\t\t\t<\/div>\n\t\t\t\t\t\t\t\t<h3 class=\"post-title\">\n\t<a href=\"https:\/\/kdnuoret.fi\/sv\/allman-sv\/hej-vill-du-diskutera-tvangsandrainhemskaspraket-en-stund\/\" class=\"normal\">Hej, vill du diskutera tv\u00e5ngsandrainhemskaspr\u00e5ket en stund?<\/a>\n<\/h3>\n\t\t\t\t\t\t\t\t\t\t\t\t\t\t\t<\/div>\n\t\t<\/div>\t\n\t\t\t\n\t<\/div>\n<\/article>\n<\/div><\/div><\/div>\t\t\t\t<\/div>\n\t\t\t\t\t<\/div>\n\t\t<\/div>\n\t\t\t\t\t<\/div>\n\t\t<\/section>\n\t\t\t\t<\/div>\n\t\t","protected":false},"excerpt":{"rendered":"<p>Alla1 Allm\u00e4n Allm\u00e4n Hej, vill du diskutera tv\u00e5ngsandrainhemskaspr\u00e5ket en stund?<\/p>\n","protected":false},"author":1,"featured_media":3829,"parent":4071,"menu_order":0,"comment_status":"closed","ping_status":"closed","template":"","meta":{"ocean_post_layout":"","ocean_both_sidebars_style":"","ocean_both_sidebars_content_width":0,"ocean_both_sidebars_sidebars_width":0,"ocean_sidebar":"0","ocean_second_sidebar":"0","ocean_disable_margins":"enable","ocean_add_body_class":"","ocean_shortcode_before_top_bar":"","ocean_shortcode_after_top_bar":"","ocean_shortcode_before_header":"","ocean_shortcode_after_header":"[oceanwp_library id=\"595\"]","ocean_has_shortcode":"","ocean_shortcode_after_title":"","ocean_shortcode_before_footer_widgets":"","ocean_shortcode_after_footer_widgets":"","ocean_shortcode_before_footer_bottom":"","ocean_shortcode_after_footer_bottom":"","ocean_display_top_bar":"default","ocean_display_header":"default","ocean_header_style":"","ocean_center_header_left_menu":"0","ocean_custom_header_template":"0","ocean_custom_logo":0,"ocean_custom_retina_logo":0,"ocean_custom_logo_max_width":0,"ocean_custom_logo_tablet_max_width":0,"ocean_custom_logo_mobile_max_width":0,"ocean_custom_logo_max_height":0,"ocean_custom_logo_tablet_max_height":0,"ocean_custom_logo_mobile_max_height":0,"ocean_header_custom_menu":"0","ocean_menu_typo_font_family":"0","ocean_menu_typo_font_subset":"","ocean_menu_typo_font_size":0,"ocean_menu_typo_font_size_tablet":0,"ocean_menu_typo_font_size_mobile":0,"ocean_menu_typo_font_size_unit":"px","ocean_menu_typo_font_weight":"","ocean_menu_typo_font_weight_tablet":"","ocean_menu_typo_font_weight_mobile":"","ocean_menu_typo_transform":"","ocean_menu_typo_transform_tablet":"","ocean_menu_typo_transform_mobile":"","ocean_menu_typo_line_height":0,"ocean_menu_typo_line_height_tablet":0,"ocean_menu_typo_line_height_mobile":0,"ocean_menu_typo_line_height_unit":"","ocean_menu_typo_spacing":0,"ocean_menu_typo_spacing_tablet":0,"ocean_menu_typo_spacing_mobile":0,"ocean_menu_typo_spacing_unit":"","ocean_menu_link_color":"","ocean_menu_link_color_hover":"","ocean_menu_link_color_active":"","ocean_menu_link_background":"","ocean_menu_link_hover_background":"","ocean_menu_link_active_background":"","ocean_menu_social_links_bg":"","ocean_menu_social_hover_links_bg":"","ocean_menu_social_links_color":"","ocean_menu_social_hover_links_color":"","ocean_disable_title":"default","ocean_disable_heading":"default","ocean_post_title":"","ocean_post_subheading":"","ocean_post_title_style":"","ocean_post_title_background_color":"","ocean_post_title_background":0,"ocean_post_title_bg_image_position":"","ocean_post_title_bg_image_attachment":"","ocean_post_title_bg_image_repeat":"","ocean_post_title_bg_image_size":"","ocean_post_title_height":0,"ocean_post_title_bg_overlay":0.5,"ocean_post_title_bg_overlay_color":"","ocean_disable_breadcrumbs":"default","ocean_breadcrumbs_color":"","ocean_breadcrumbs_separator_color":"","ocean_breadcrumbs_links_color":"","ocean_breadcrumbs_links_hover_color":"","ocean_display_footer_widgets":"default","ocean_display_footer_bottom":"default","ocean_custom_footer_template":"0","osh_disable_topbar_sticky":"default","osh_disable_header_sticky":"default","osh_sticky_header_style":"default","osh_sticky_header_effect":"","osh_custom_sticky_logo":0,"osh_custom_retina_sticky_logo":0,"osh_custom_sticky_logo_height":0,"osh_background_color":"","osh_links_color":"","osh_links_hover_color":"","osh_links_active_color":"","osh_links_bg_color":"","osh_links_hover_bg_color":"","osh_links_active_bg_color":"","osh_menu_social_links_color":"","osh_menu_social_hover_links_color":"","footnotes":""},"class_list":["post-4487","page","type-page","status-publish","has-post-thumbnail","hentry","entry","has-media"],"yoast_head":"<!-- This site is optimized with the Yoast SEO plugin v27.4 - https:\/\/yoast.com\/product\/yoast-seo-wordpress\/ -->\n<title>Aktuella fr\u00e5gor - KD Nuoret<\/title>\n<meta name=\"robots\" content=\"index, follow, max-snippet:-1, max-image-preview:large, max-video-preview:-1\" \/>\n<link rel=\"canonical\" href=\"https:\/\/kdnuoret.fi\/sv\/politik\/aktuella-fragor\/\" \/>\n<meta property=\"og:locale\" content=\"sv_SE\" \/>\n<meta property=\"og:type\" content=\"article\" \/>\n<meta property=\"og:title\" content=\"Aktuella fr\u00e5gor - KD Nuoret\" \/>\n<meta property=\"og:description\" content=\"Alla1 Allm\u00e4n Allm\u00e4n Hej, vill du diskutera tv\u00e5ngsandrainhemskaspr\u00e5ket en stund?\" \/>\n<meta property=\"og:url\" content=\"https:\/\/kdnuoret.fi\/sv\/politik\/aktuella-fragor\/\" \/>\n<meta property=\"og:site_name\" content=\"KD Nuoret\" \/>\n<meta property=\"article:modified_time\" content=\"2021-12-03T06:46:31+00:00\" \/>\n<meta property=\"og:image\" content=\"https:\/\/kdnuoret.fi\/wp-content\/uploads\/2021\/05\/politiikka_banner.jpg\" \/>\n\t<meta property=\"og:image:width\" content=\"2200\" \/>\n\t<meta property=\"og:image:height\" content=\"521\" \/>\n\t<meta property=\"og:image:type\" content=\"image\/jpeg\" \/>\n<meta name=\"twitter:card\" content=\"summary_large_image\" \/>\n<meta name=\"twitter:label1\" content=\"Ber\u00e4knad l\u00e4stid\" \/>\n\t<meta name=\"twitter:data1\" content=\"2 minuter\" \/>\n<script type=\"application\/ld+json\" class=\"yoast-schema-graph\">{\"@context\":\"https:\\\/\\\/schema.org\",\"@graph\":[{\"@type\":\"WebPage\",\"@id\":\"https:\\\/\\\/kdnuoret.fi\\\/sv\\\/politik\\\/aktuella-fragor\\\/\",\"url\":\"https:\\\/\\\/kdnuoret.fi\\\/sv\\\/politik\\\/aktuella-fragor\\\/\",\"name\":\"Aktuella fr\u00e5gor - KD Nuoret\",\"isPartOf\":{\"@id\":\"https:\\\/\\\/kdnuoret.fi\\\/sv\\\/#website\"},\"primaryImageOfPage\":{\"@id\":\"https:\\\/\\\/kdnuoret.fi\\\/sv\\\/politik\\\/aktuella-fragor\\\/#primaryimage\"},\"image\":{\"@id\":\"https:\\\/\\\/kdnuoret.fi\\\/sv\\\/politik\\\/aktuella-fragor\\\/#primaryimage\"},\"thumbnailUrl\":\"https:\\\/\\\/kdnuoret.fi\\\/wp-content\\\/uploads\\\/2021\\\/05\\\/politiikka_banner.jpg\",\"datePublished\":\"2021-10-13T06:31:58+00:00\",\"dateModified\":\"2021-12-03T06:46:31+00:00\",\"breadcrumb\":{\"@id\":\"https:\\\/\\\/kdnuoret.fi\\\/sv\\\/politik\\\/aktuella-fragor\\\/#breadcrumb\"},\"inLanguage\":\"sv-SE\",\"potentialAction\":[{\"@type\":\"ReadAction\",\"target\":[\"https:\\\/\\\/kdnuoret.fi\\\/sv\\\/politik\\\/aktuella-fragor\\\/\"]}]},{\"@type\":\"ImageObject\",\"inLanguage\":\"sv-SE\",\"@id\":\"https:\\\/\\\/kdnuoret.fi\\\/sv\\\/politik\\\/aktuella-fragor\\\/#primaryimage\",\"url\":\"https:\\\/\\\/kdnuoret.fi\\\/wp-content\\\/uploads\\\/2021\\\/05\\\/politiikka_banner.jpg\",\"contentUrl\":\"https:\\\/\\\/kdnuoret.fi\\\/wp-content\\\/uploads\\\/2021\\\/05\\\/politiikka_banner.jpg\",\"width\":2200,\"height\":521},{\"@type\":\"BreadcrumbList\",\"@id\":\"https:\\\/\\\/kdnuoret.fi\\\/sv\\\/politik\\\/aktuella-fragor\\\/#breadcrumb\",\"itemListElement\":[{\"@type\":\"ListItem\",\"position\":1,\"name\":\"Etusivu\",\"item\":\"https:\\\/\\\/kdnuoret.fi\\\/sv\\\/\"},{\"@type\":\"ListItem\",\"position\":2,\"name\":\"Politik\",\"item\":\"https:\\\/\\\/kdnuoret.fi\\\/sv\\\/politik\\\/\"},{\"@type\":\"ListItem\",\"position\":3,\"name\":\"Aktuella fr\u00e5gor\"}]},{\"@type\":\"WebSite\",\"@id\":\"https:\\\/\\\/kdnuoret.fi\\\/sv\\\/#website\",\"url\":\"https:\\\/\\\/kdnuoret.fi\\\/sv\\\/\",\"name\":\"KD Nuoret\",\"description\":\"KDN\",\"publisher\":{\"@id\":\"https:\\\/\\\/kdnuoret.fi\\\/sv\\\/#organization\"},\"potentialAction\":[{\"@type\":\"SearchAction\",\"target\":{\"@type\":\"EntryPoint\",\"urlTemplate\":\"https:\\\/\\\/kdnuoret.fi\\\/sv\\\/?s={search_term_string}\"},\"query-input\":{\"@type\":\"PropertyValueSpecification\",\"valueRequired\":true,\"valueName\":\"search_term_string\"}}],\"inLanguage\":\"sv-SE\"},{\"@type\":\"Organization\",\"@id\":\"https:\\\/\\\/kdnuoret.fi\\\/sv\\\/#organization\",\"name\":\"KD Nuoret\",\"url\":\"https:\\\/\\\/kdnuoret.fi\\\/sv\\\/\",\"logo\":{\"@type\":\"ImageObject\",\"inLanguage\":\"sv-SE\",\"@id\":\"https:\\\/\\\/kdnuoret.fi\\\/sv\\\/#\\\/schema\\\/logo\\\/image\\\/\",\"url\":\"https:\\\/\\\/kdnuoret.fi\\\/wp-content\\\/uploads\\\/2020\\\/04\\\/logo_horisontti_valk.svg\",\"contentUrl\":\"https:\\\/\\\/kdnuoret.fi\\\/wp-content\\\/uploads\\\/2020\\\/04\\\/logo_horisontti_valk.svg\",\"caption\":\"KD Nuoret\"},\"image\":{\"@id\":\"https:\\\/\\\/kdnuoret.fi\\\/sv\\\/#\\\/schema\\\/logo\\\/image\\\/\"}}]}<\/script>\n<!-- \/ Yoast SEO plugin. -->","yoast_head_json":{"title":"Aktuella fr\u00e5gor - KD Nuoret","robots":{"index":"index","follow":"follow","max-snippet":"max-snippet:-1","max-image-preview":"max-image-preview:large","max-video-preview":"max-video-preview:-1"},"canonical":"https:\/\/kdnuoret.fi\/sv\/politik\/aktuella-fragor\/","og_locale":"sv_SE","og_type":"article","og_title":"Aktuella fr\u00e5gor - KD Nuoret","og_description":"Alla1 Allm\u00e4n Allm\u00e4n Hej, vill du diskutera tv\u00e5ngsandrainhemskaspr\u00e5ket en stund?","og_url":"https:\/\/kdnuoret.fi\/sv\/politik\/aktuella-fragor\/","og_site_name":"KD Nuoret","article_modified_time":"2021-12-03T06:46:31+00:00","og_image":[{"width":2200,"height":521,"url":"https:\/\/kdnuoret.fi\/wp-content\/uploads\/2021\/05\/politiikka_banner.jpg","type":"image\/jpeg"}],"twitter_card":"summary_large_image","twitter_misc":{"Ber\u00e4knad l\u00e4stid":"2 minuter"},"schema":{"@context":"https:\/\/schema.org","@graph":[{"@type":"WebPage","@id":"https:\/\/kdnuoret.fi\/sv\/politik\/aktuella-fragor\/","url":"https:\/\/kdnuoret.fi\/sv\/politik\/aktuella-fragor\/","name":"Aktuella fr\u00e5gor - KD Nuoret","isPartOf":{"@id":"https:\/\/kdnuoret.fi\/sv\/#website"},"primaryImageOfPage":{"@id":"https:\/\/kdnuoret.fi\/sv\/politik\/aktuella-fragor\/#primaryimage"},"image":{"@id":"https:\/\/kdnuoret.fi\/sv\/politik\/aktuella-fragor\/#primaryimage"},"thumbnailUrl":"https:\/\/kdnuoret.fi\/wp-content\/uploads\/2021\/05\/politiikka_banner.jpg","datePublished":"2021-10-13T06:31:58+00:00","dateModified":"2021-12-03T06:46:31+00:00","breadcrumb":{"@id":"https:\/\/kdnuoret.fi\/sv\/politik\/aktuella-fragor\/#breadcrumb"},"inLanguage":"sv-SE","potentialAction":[{"@type":"ReadAction","target":["https:\/\/kdnuoret.fi\/sv\/politik\/aktuella-fragor\/"]}]},{"@type":"ImageObject","inLanguage":"sv-SE","@id":"https:\/\/kdnuoret.fi\/sv\/politik\/aktuella-fragor\/#primaryimage","url":"https:\/\/kdnuoret.fi\/wp-content\/uploads\/2021\/05\/politiikka_banner.jpg","contentUrl":"https:\/\/kdnuoret.fi\/wp-content\/uploads\/2021\/05\/politiikka_banner.jpg","width":2200,"height":521},{"@type":"BreadcrumbList","@id":"https:\/\/kdnuoret.fi\/sv\/politik\/aktuella-fragor\/#breadcrumb","itemListElement":[{"@type":"ListItem","position":1,"name":"Etusivu","item":"https:\/\/kdnuoret.fi\/sv\/"},{"@type":"ListItem","position":2,"name":"Politik","item":"https:\/\/kdnuoret.fi\/sv\/politik\/"},{"@type":"ListItem","position":3,"name":"Aktuella fr\u00e5gor"}]},{"@type":"WebSite","@id":"https:\/\/kdnuoret.fi\/sv\/#website","url":"https:\/\/kdnuoret.fi\/sv\/","name":"KD Nuoret","description":"KDN","publisher":{"@id":"https:\/\/kdnuoret.fi\/sv\/#organization"},"potentialAction":[{"@type":"SearchAction","target":{"@type":"EntryPoint","urlTemplate":"https:\/\/kdnuoret.fi\/sv\/?s={search_term_string}"},"query-input":{"@type":"PropertyValueSpecification","valueRequired":true,"valueName":"search_term_string"}}],"inLanguage":"sv-SE"},{"@type":"Organization","@id":"https:\/\/kdnuoret.fi\/sv\/#organization","name":"KD Nuoret","url":"https:\/\/kdnuoret.fi\/sv\/","logo":{"@type":"ImageObject","inLanguage":"sv-SE","@id":"https:\/\/kdnuoret.fi\/sv\/#\/schema\/logo\/image\/","url":"https:\/\/kdnuoret.fi\/wp-content\/uploads\/2020\/04\/logo_horisontti_valk.svg","contentUrl":"https:\/\/kdnuoret.fi\/wp-content\/uploads\/2020\/04\/logo_horisontti_valk.svg","caption":"KD Nuoret"},"image":{"@id":"https:\/\/kdnuoret.fi\/sv\/#\/schema\/logo\/image\/"}}]}},"_links":{"self":[{"href":"https:\/\/kdnuoret.fi\/sv\/wp-json\/wp\/v2\/pages\/4487","targetHints":{"allow":["GET"]}}],"collection":[{"href":"https:\/\/kdnuoret.fi\/sv\/wp-json\/wp\/v2\/pages"}],"about":[{"href":"https:\/\/kdnuoret.fi\/sv\/wp-json\/wp\/v2\/types\/page"}],"author":[{"embeddable":true,"href":"https:\/\/kdnuoret.fi\/sv\/wp-json\/wp\/v2\/users\/1"}],"replies":[{"embeddable":true,"href":"https:\/\/kdnuoret.fi\/sv\/wp-json\/wp\/v2\/comments?post=4487"}],"version-history":[{"count":22,"href":"https:\/\/kdnuoret.fi\/sv\/wp-json\/wp\/v2\/pages\/4487\/revisions"}],"predecessor-version":[{"id":4510,"href":"https:\/\/kdnuoret.fi\/sv\/wp-json\/wp\/v2\/pages\/4487\/revisions\/4510"}],"up":[{"embeddable":true,"href":"https:\/\/kdnuoret.fi\/sv\/wp-json\/wp\/v2\/pages\/4071"}],"wp:featuredmedia":[{"embeddable":true,"href":"https:\/\/kdnuoret.fi\/sv\/wp-json\/wp\/v2\/media\/3829"}],"wp:attachment":[{"href":"https:\/\/kdnuoret.fi\/sv\/wp-json\/wp\/v2\/media?parent=4487"}],"curies":[{"name":"wp","href":"https:\/\/api.w.org\/{rel}","templated":true}]}}