{"id":4090,"date":"2021-04-07T13:17:14","date_gmt":"2021-04-07T10:17:14","guid":{"rendered":"https:\/\/kdnuoret.fi\/?page_id=4090"},"modified":"2025-01-07T18:20:28","modified_gmt":"2025-01-07T16:20:28","slug":"kontakt","status":"publish","type":"page","link":"https:\/\/kdnuoret.fi\/sv\/kontakt\/","title":{"rendered":"Kontakt"},"content":{"rendered":"\t\t<div data-elementor-type=\"wp-page\" data-elementor-id=\"4090\" class=\"elementor elementor-4090 elementor-898\" data-elementor-post-type=\"page\">\n\t\t\t\t\t\t<section class=\"elementor-section elementor-top-section elementor-element elementor-element-bb33ac3 elementor-section-boxed elementor-section-height-default elementor-section-height-default\" data-id=\"bb33ac3\" data-element_type=\"section\" data-e-type=\"section\">\n\t\t\t\t\t\t<div class=\"elementor-container elementor-column-gap-default\">\n\t\t\t\t\t<div class=\"elementor-column elementor-col-100 elementor-top-column elementor-element elementor-element-790daa2\" data-id=\"790daa2\" data-element_type=\"column\" data-e-type=\"column\">\n\t\t\t<div class=\"elementor-widget-wrap elementor-element-populated\">\n\t\t\t\t\t\t<div class=\"elementor-element elementor-element-95192d8 elementor-widget elementor-widget-text-editor\" data-id=\"95192d8\" data-element_type=\"widget\" data-e-type=\"widget\" data-widget_type=\"text-editor.default\">\n\t\t\t\t<div class=\"elementor-widget-container\">\n\t\t\t\t\t\t\t\t\t<p>Har du n\u00e5got att fr\u00e5ga eller letar du efter kontaktuppgifterna till din ungdomskrets? H\u00e4r hittar du kontaktuppgifter till s\u00e5v\u00e4l KD Ungas kontor, ordf\u00f6rande som ungdomskretsarna. Vi ber dig v\u00e4nligen ta h\u00e4nsyn till att personalen huvudsakligen \u00e4r kontaktbar vardagar under kontorstid.<\/p><p><strong>Vad ditt \u00e4rende \u00e4n \u00e4r \u2013 ta modigt kontakt!<\/strong><\/p>\t\t\t\t\t\t\t\t<\/div>\n\t\t\t\t<\/div>\n\t\t\t\t\t<\/div>\n\t\t<\/div>\n\t\t\t\t\t<\/div>\n\t\t<\/section>\n\t\t\t\t<section class=\"elementor-section elementor-top-section elementor-element elementor-element-9b1439e elementor-section-boxed elementor-section-height-default elementor-section-height-default\" data-id=\"9b1439e\" data-element_type=\"section\" data-e-type=\"section\">\n\t\t\t\t\t\t<div class=\"elementor-container elementor-column-gap-default\">\n\t\t\t\t\t<div class=\"elementor-column elementor-col-33 elementor-top-column elementor-element elementor-element-36e37eb\" data-id=\"36e37eb\" data-element_type=\"column\" data-e-type=\"column\">\n\t\t\t<div class=\"elementor-widget-wrap elementor-element-populated\">\n\t\t\t\t\t\t<div class=\"elementor-element elementor-element-1bc6445 elementor-position-top elementor-widget elementor-widget-image-box\" data-id=\"1bc6445\" data-element_type=\"widget\" data-e-type=\"widget\" data-widget_type=\"image-box.default\">\n\t\t\t\t<div class=\"elementor-widget-container\">\n\t\t\t\t\t<div class=\"elementor-image-box-wrapper\"><figure class=\"elementor-image-box-img\"><img fetchpriority=\"high\" decoding=\"async\" width=\"1080\" height=\"1080\" src=\"https:\/\/kdnuoret.fi\/wp-content\/uploads\/2025\/01\/Nimeton-malli-3.png\" class=\"attachment-full size-full wp-image-6827\" alt=\"\" srcset=\"https:\/\/kdnuoret.fi\/wp-content\/uploads\/2025\/01\/Nimeton-malli-3.png 1080w, https:\/\/kdnuoret.fi\/wp-content\/uploads\/2025\/01\/Nimeton-malli-3-300x300.png 300w, https:\/\/kdnuoret.fi\/wp-content\/uploads\/2025\/01\/Nimeton-malli-3-1024x1024.png 1024w, https:\/\/kdnuoret.fi\/wp-content\/uploads\/2025\/01\/Nimeton-malli-3-150x150.png 150w, https:\/\/kdnuoret.fi\/wp-content\/uploads\/2025\/01\/Nimeton-malli-3-768x768.png 768w, https:\/\/kdnuoret.fi\/wp-content\/uploads\/2025\/01\/Nimeton-malli-3-500x500.png 500w, https:\/\/kdnuoret.fi\/wp-content\/uploads\/2025\/01\/Nimeton-malli-3-700x700.png 700w, https:\/\/kdnuoret.fi\/wp-content\/uploads\/2025\/01\/Nimeton-malli-3-600x600.png 600w\" sizes=\"(max-width: 1080px) 100vw, 1080px\" \/><\/figure><div class=\"elementor-image-box-content\"><h3 class=\"elementor-image-box-title\">Inna Nilsson<\/h3><p class=\"elementor-image-box-description\">Generalsekreterare<\/p><\/div><\/div>\t\t\t\t<\/div>\n\t\t\t\t<\/div>\n\t\t\t\t<div class=\"elementor-element elementor-element-9d30cd6 elementor-widget elementor-widget-text-editor\" data-id=\"9d30cd6\" data-element_type=\"widget\" data-e-type=\"widget\" data-widget_type=\"text-editor.default\">\n\t\t\t\t<div class=\"elementor-widget-container\">\n\t\t\t\t\t\t\t\t\t<p><a href=\"mailto:inna.nilsson@kdnuoret.fi\"><span style=\"font-weight: 400;\">inna.nilsson@kdnuoret.fi<\/span><\/a><br \/><a href=\"tel:+358 50 543 9845\">+358 50 543 9845<\/a><\/p>\t\t\t\t\t\t\t\t<\/div>\n\t\t\t\t<\/div>\n\t\t\t\t<div class=\"elementor-element elementor-element-b8c8c67 elementor-grid-3 e-grid-align-left elementor-shape-rounded elementor-widget elementor-widget-social-icons\" data-id=\"b8c8c67\" data-element_type=\"widget\" data-e-type=\"widget\" data-widget_type=\"social-icons.default\">\n\t\t\t\t<div class=\"elementor-widget-container\">\n\t\t\t\t\t\t\t<div class=\"elementor-social-icons-wrapper elementor-grid\" role=\"list\">\n\t\t\t\t\t\t\t<span class=\"elementor-grid-item\" role=\"listitem\">\n\t\t\t\t\t<a class=\"elementor-icon elementor-social-icon elementor-social-icon-twitter elementor-repeater-item-81a94a4\" href=\"https:\/\/twitter.com\/vellu_virtanen\" target=\"_blank\">\n\t\t\t\t\t\t<span class=\"elementor-screen-only\">Twitter<\/span>\n\t\t\t\t\t\t<i aria-hidden=\"true\" class=\"fab fa-twitter\"><\/i>\t\t\t\t\t<\/a>\n\t\t\t\t<\/span>\n\t\t\t\t\t\t\t<span class=\"elementor-grid-item\" role=\"listitem\">\n\t\t\t\t\t<a class=\"elementor-icon elementor-social-icon elementor-social-icon-instagram elementor-repeater-item-22e10f2\" href=\"https:\/\/www.instagram.com\/vellu_virtanen\/\" target=\"_blank\">\n\t\t\t\t\t\t<span class=\"elementor-screen-only\">Instagram<\/span>\n\t\t\t\t\t\t<i aria-hidden=\"true\" class=\"fab fa-instagram\"><\/i>\t\t\t\t\t<\/a>\n\t\t\t\t<\/span>\n\t\t\t\t\t<\/div>\n\t\t\t\t\t\t<\/div>\n\t\t\t\t<\/div>\n\t\t\t\t\t<\/div>\n\t\t<\/div>\n\t\t\t\t<div class=\"elementor-column elementor-col-33 elementor-top-column elementor-element elementor-element-8ceb6b5\" data-id=\"8ceb6b5\" data-element_type=\"column\" data-e-type=\"column\" data-settings=\"{&quot;background_background&quot;:&quot;classic&quot;}\">\n\t\t\t<div class=\"elementor-widget-wrap elementor-element-populated\">\n\t\t\t\t\t\t<div class=\"elementor-element elementor-element-d410ec3 elementor-position-top elementor-widget elementor-widget-image-box\" data-id=\"d410ec3\" data-element_type=\"widget\" data-e-type=\"widget\" data-widget_type=\"image-box.default\">\n\t\t\t\t<div class=\"elementor-widget-container\">\n\t\t\t\t\t<div class=\"elementor-image-box-wrapper\"><figure class=\"elementor-image-box-img\"><img decoding=\"async\" width=\"1080\" height=\"1080\" src=\"https:\/\/kdnuoret.fi\/wp-content\/uploads\/2023\/08\/3.png\" class=\"attachment-full size-full wp-image-6113\" alt=\"\" srcset=\"https:\/\/kdnuoret.fi\/wp-content\/uploads\/2023\/08\/3.png 1080w, https:\/\/kdnuoret.fi\/wp-content\/uploads\/2023\/08\/3-300x300.png 300w, https:\/\/kdnuoret.fi\/wp-content\/uploads\/2023\/08\/3-1024x1024.png 1024w, https:\/\/kdnuoret.fi\/wp-content\/uploads\/2023\/08\/3-150x150.png 150w, https:\/\/kdnuoret.fi\/wp-content\/uploads\/2023\/08\/3-768x768.png 768w, https:\/\/kdnuoret.fi\/wp-content\/uploads\/2023\/08\/3-500x500.png 500w, https:\/\/kdnuoret.fi\/wp-content\/uploads\/2023\/08\/3-700x700.png 700w, https:\/\/kdnuoret.fi\/wp-content\/uploads\/2023\/08\/3-600x600.png 600w\" sizes=\"(max-width: 1080px) 100vw, 1080px\" \/><\/figure><div class=\"elementor-image-box-content\"><h3 class=\"elementor-image-box-title\">Jere<br>Tuononen<\/h3><p class=\"elementor-image-box-description\">Ordf\u00f6rande<\/p><\/div><\/div>\t\t\t\t<\/div>\n\t\t\t\t<\/div>\n\t\t\t\t<div class=\"elementor-element elementor-element-1d76228 elementor-widget elementor-widget-text-editor\" data-id=\"1d76228\" data-element_type=\"widget\" data-e-type=\"widget\" data-widget_type=\"text-editor.default\">\n\t\t\t\t<div class=\"elementor-widget-container\">\n\t\t\t\t\t\t\t\t\t<p><a href=\"mailto:jere.tuononen@kdnuoret.fi\"><span style=\"font-weight: 400;\">jere.tuononen@kdnuoret.fi<\/span><\/a><\/p>\t\t\t\t\t\t\t\t<\/div>\n\t\t\t\t<\/div>\n\t\t\t\t<div class=\"elementor-element elementor-element-21dc57d elementor-grid-4 e-grid-align-left elementor-shape-rounded elementor-widget elementor-widget-social-icons\" data-id=\"21dc57d\" data-element_type=\"widget\" data-e-type=\"widget\" data-widget_type=\"social-icons.default\">\n\t\t\t\t<div class=\"elementor-widget-container\">\n\t\t\t\t\t\t\t<div class=\"elementor-social-icons-wrapper elementor-grid\" role=\"list\">\n\t\t\t\t\t\t\t<span class=\"elementor-grid-item\" role=\"listitem\">\n\t\t\t\t\t<a class=\"elementor-icon elementor-social-icon elementor-social-icon-twitter elementor-repeater-item-afc7752\" href=\"https:\/\/twitter.com\/JereTuononen\" target=\"_blank\">\n\t\t\t\t\t\t<span class=\"elementor-screen-only\">Twitter<\/span>\n\t\t\t\t\t\t<i aria-hidden=\"true\" class=\"fab fa-twitter\"><\/i>\t\t\t\t\t<\/a>\n\t\t\t\t<\/span>\n\t\t\t\t\t\t\t<span class=\"elementor-grid-item\" role=\"listitem\">\n\t\t\t\t\t<a class=\"elementor-icon elementor-social-icon elementor-social-icon-instagram elementor-repeater-item-cc579e7\" href=\"https:\/\/www.instagram.com\/jeretuononen\/\" target=\"_blank\">\n\t\t\t\t\t\t<span class=\"elementor-screen-only\">Instagram<\/span>\n\t\t\t\t\t\t<i aria-hidden=\"true\" class=\"fab fa-instagram\"><\/i>\t\t\t\t\t<\/a>\n\t\t\t\t<\/span>\n\t\t\t\t\t<\/div>\n\t\t\t\t\t\t<\/div>\n\t\t\t\t<\/div>\n\t\t\t\t\t<\/div>\n\t\t<\/div>\n\t\t\t\t<div class=\"elementor-column elementor-col-33 elementor-top-column elementor-element elementor-element-1380508\" data-id=\"1380508\" data-element_type=\"column\" data-e-type=\"column\" data-settings=\"{&quot;background_background&quot;:&quot;classic&quot;}\">\n\t\t\t<div class=\"elementor-widget-wrap\">\n\t\t\t\t\t\t\t<\/div>\n\t\t<\/div>\n\t\t\t\t\t<\/div>\n\t\t<\/section>\n\t\t\t\t<\/div>\n\t\t","protected":false},"excerpt":{"rendered":"<p>Har du n\u00e5got att fr\u00e5ga eller letar du efter kontaktuppgifterna till din ungdomskrets? H\u00e4r hittar du kontaktuppgifter till s\u00e5v\u00e4l KD Ungas kontor, ordf\u00f6rande som ungdomskretsarna. Vi ber dig v\u00e4nligen ta h\u00e4nsyn till att personalen huvudsakligen \u00e4r kontaktbar vardagar under kontorstid. Vad ditt \u00e4rende \u00e4n \u00e4r \u2013 ta modigt kontakt! Inna Nilsson Generalsekreterare inna.nilsson@kdnuoret.fi+358 50 543 [&hellip;]<\/p>\n","protected":false},"author":1,"featured_media":6395,"parent":0,"menu_order":0,"comment_status":"closed","ping_status":"closed","template":"","meta":{"ocean_post_layout":"","ocean_both_sidebars_style":"","ocean_both_sidebars_content_width":0,"ocean_both_sidebars_sidebars_width":0,"ocean_sidebar":"0","ocean_second_sidebar":"0","ocean_disable_margins":"enable","ocean_add_body_class":"","ocean_shortcode_before_top_bar":"","ocean_shortcode_after_top_bar":"","ocean_shortcode_before_header":"","ocean_shortcode_after_header":"[oceanwp_library id=\"595\"]","ocean_has_shortcode":"","ocean_shortcode_after_title":"","ocean_shortcode_before_footer_widgets":"","ocean_shortcode_after_footer_widgets":"","ocean_shortcode_before_footer_bottom":"","ocean_shortcode_after_footer_bottom":"","ocean_display_top_bar":"default","ocean_display_header":"default","ocean_header_style":"","ocean_center_header_left_menu":"0","ocean_custom_header_template":"0","ocean_custom_logo":0,"ocean_custom_retina_logo":0,"ocean_custom_logo_max_width":0,"ocean_custom_logo_tablet_max_width":0,"ocean_custom_logo_mobile_max_width":0,"ocean_custom_logo_max_height":0,"ocean_custom_logo_tablet_max_height":0,"ocean_custom_logo_mobile_max_height":0,"ocean_header_custom_menu":"0","ocean_menu_typo_font_family":"0","ocean_menu_typo_font_subset":"","ocean_menu_typo_font_size":0,"ocean_menu_typo_font_size_tablet":0,"ocean_menu_typo_font_size_mobile":0,"ocean_menu_typo_font_size_unit":"px","ocean_menu_typo_font_weight":"","ocean_menu_typo_font_weight_tablet":"","ocean_menu_typo_font_weight_mobile":"","ocean_menu_typo_transform":"","ocean_menu_typo_transform_tablet":"","ocean_menu_typo_transform_mobile":"","ocean_menu_typo_line_height":0,"ocean_menu_typo_line_height_tablet":0,"ocean_menu_typo_line_height_mobile":0,"ocean_menu_typo_line_height_unit":"","ocean_menu_typo_spacing":0,"ocean_menu_typo_spacing_tablet":0,"ocean_menu_typo_spacing_mobile":0,"ocean_menu_typo_spacing_unit":"","ocean_menu_link_color":"","ocean_menu_link_color_hover":"","ocean_menu_link_color_active":"","ocean_menu_link_background":"","ocean_menu_link_hover_background":"","ocean_menu_link_active_background":"","ocean_menu_social_links_bg":"","ocean_menu_social_hover_links_bg":"","ocean_menu_social_links_color":"","ocean_menu_social_hover_links_color":"","ocean_disable_title":"default","ocean_disable_heading":"default","ocean_post_title":"","ocean_post_subheading":"","ocean_post_title_style":"","ocean_post_title_background_color":"","ocean_post_title_background":0,"ocean_post_title_bg_image_position":"","ocean_post_title_bg_image_attachment":"","ocean_post_title_bg_image_repeat":"","ocean_post_title_bg_image_size":"","ocean_post_title_height":0,"ocean_post_title_bg_overlay":0.5,"ocean_post_title_bg_overlay_color":"","ocean_disable_breadcrumbs":"default","ocean_breadcrumbs_color":"","ocean_breadcrumbs_separator_color":"","ocean_breadcrumbs_links_color":"","ocean_breadcrumbs_links_hover_color":"","ocean_display_footer_widgets":"default","ocean_display_footer_bottom":"default","ocean_custom_footer_template":"0","osh_disable_topbar_sticky":"default","osh_disable_header_sticky":"default","osh_sticky_header_style":"default","osh_sticky_header_effect":"","osh_custom_sticky_logo":0,"osh_custom_retina_sticky_logo":0,"osh_custom_sticky_logo_height":0,"osh_background_color":"","osh_links_color":"","osh_links_hover_color":"","osh_links_active_color":"","osh_links_bg_color":"","osh_links_hover_bg_color":"","osh_links_active_bg_color":"","osh_menu_social_links_color":"","osh_menu_social_hover_links_color":"","footnotes":""},"class_list":["post-4090","page","type-page","status-publish","has-post-thumbnail","hentry","entry","has-media"],"yoast_head":"<!-- This site is optimized with the Yoast SEO plugin v27.5 - https:\/\/yoast.com\/product\/yoast-seo-wordpress\/ -->\n<title>Kontakt - KD Nuoret<\/title>\n<meta name=\"robots\" content=\"index, follow, max-snippet:-1, max-image-preview:large, max-video-preview:-1\" \/>\n<link rel=\"canonical\" href=\"https:\/\/kdnuoret.fi\/sv\/kontakt\/\" \/>\n<meta property=\"og:locale\" content=\"sv_SE\" \/>\n<meta property=\"og:type\" content=\"article\" \/>\n<meta property=\"og:title\" content=\"Kontakt - KD Nuoret\" \/>\n<meta property=\"og:description\" content=\"Har du n\u00e5got att fr\u00e5ga eller letar du efter kontaktuppgifterna till din ungdomskrets? H\u00e4r hittar du kontaktuppgifter till s\u00e5v\u00e4l KD Ungas kontor, ordf\u00f6rande som ungdomskretsarna. Vi ber dig v\u00e4nligen ta h\u00e4nsyn till att personalen huvudsakligen \u00e4r kontaktbar vardagar under kontorstid. Vad ditt \u00e4rende \u00e4n \u00e4r \u2013 ta modigt kontakt! Inna Nilsson Generalsekreterare inna.nilsson@kdnuoret.fi+358 50 543 [&hellip;]\" \/>\n<meta property=\"og:url\" content=\"https:\/\/kdnuoret.fi\/sv\/kontakt\/\" \/>\n<meta property=\"og:site_name\" content=\"KD Nuoret\" \/>\n<meta property=\"article:modified_time\" content=\"2025-01-07T16:20:28+00:00\" \/>\n<meta property=\"og:image\" content=\"https:\/\/kdnuoret.fi\/wp-content\/uploads\/2024\/03\/24-02-09-KD-Nuoret-0378-sRGB-1600px-e1711064294452.jpg\" \/>\n\t<meta property=\"og:image:width\" content=\"1600\" \/>\n\t<meta property=\"og:image:height\" content=\"1200\" \/>\n\t<meta property=\"og:image:type\" content=\"image\/jpeg\" \/>\n<meta name=\"twitter:card\" content=\"summary_large_image\" \/>\n<meta name=\"twitter:label1\" content=\"Ber\u00e4knad l\u00e4stid\" \/>\n\t<meta name=\"twitter:data1\" content=\"1 minut\" \/>\n<script type=\"application\/ld+json\" class=\"yoast-schema-graph\">{\"@context\":\"https:\\\/\\\/schema.org\",\"@graph\":[{\"@type\":\"WebPage\",\"@id\":\"https:\\\/\\\/kdnuoret.fi\\\/sv\\\/kontakt\\\/\",\"url\":\"https:\\\/\\\/kdnuoret.fi\\\/sv\\\/kontakt\\\/\",\"name\":\"Kontakt - KD Nuoret\",\"isPartOf\":{\"@id\":\"https:\\\/\\\/kdnuoret.fi\\\/sv\\\/#website\"},\"primaryImageOfPage\":{\"@id\":\"https:\\\/\\\/kdnuoret.fi\\\/sv\\\/kontakt\\\/#primaryimage\"},\"image\":{\"@id\":\"https:\\\/\\\/kdnuoret.fi\\\/sv\\\/kontakt\\\/#primaryimage\"},\"thumbnailUrl\":\"https:\\\/\\\/kdnuoret.fi\\\/wp-content\\\/uploads\\\/2024\\\/03\\\/24-02-09-KD-Nuoret-0378-sRGB-1600px-e1711064294452.jpg\",\"datePublished\":\"2021-04-07T10:17:14+00:00\",\"dateModified\":\"2025-01-07T16:20:28+00:00\",\"breadcrumb\":{\"@id\":\"https:\\\/\\\/kdnuoret.fi\\\/sv\\\/kontakt\\\/#breadcrumb\"},\"inLanguage\":\"sv-SE\",\"potentialAction\":[{\"@type\":\"ReadAction\",\"target\":[\"https:\\\/\\\/kdnuoret.fi\\\/sv\\\/kontakt\\\/\"]}]},{\"@type\":\"ImageObject\",\"inLanguage\":\"sv-SE\",\"@id\":\"https:\\\/\\\/kdnuoret.fi\\\/sv\\\/kontakt\\\/#primaryimage\",\"url\":\"https:\\\/\\\/kdnuoret.fi\\\/wp-content\\\/uploads\\\/2024\\\/03\\\/24-02-09-KD-Nuoret-0378-sRGB-1600px-e1711064294452.jpg\",\"contentUrl\":\"https:\\\/\\\/kdnuoret.fi\\\/wp-content\\\/uploads\\\/2024\\\/03\\\/24-02-09-KD-Nuoret-0378-sRGB-1600px-e1711064294452.jpg\",\"width\":1600,\"height\":1200},{\"@type\":\"BreadcrumbList\",\"@id\":\"https:\\\/\\\/kdnuoret.fi\\\/sv\\\/kontakt\\\/#breadcrumb\",\"itemListElement\":[{\"@type\":\"ListItem\",\"position\":1,\"name\":\"Etusivu\",\"item\":\"https:\\\/\\\/kdnuoret.fi\\\/sv\\\/\"},{\"@type\":\"ListItem\",\"position\":2,\"name\":\"Kontakt\"}]},{\"@type\":\"WebSite\",\"@id\":\"https:\\\/\\\/kdnuoret.fi\\\/sv\\\/#website\",\"url\":\"https:\\\/\\\/kdnuoret.fi\\\/sv\\\/\",\"name\":\"KD Nuoret\",\"description\":\"KDN\",\"publisher\":{\"@id\":\"https:\\\/\\\/kdnuoret.fi\\\/sv\\\/#organization\"},\"potentialAction\":[{\"@type\":\"SearchAction\",\"target\":{\"@type\":\"EntryPoint\",\"urlTemplate\":\"https:\\\/\\\/kdnuoret.fi\\\/sv\\\/?s={search_term_string}\"},\"query-input\":{\"@type\":\"PropertyValueSpecification\",\"valueRequired\":true,\"valueName\":\"search_term_string\"}}],\"inLanguage\":\"sv-SE\"},{\"@type\":\"Organization\",\"@id\":\"https:\\\/\\\/kdnuoret.fi\\\/sv\\\/#organization\",\"name\":\"KD Nuoret\",\"url\":\"https:\\\/\\\/kdnuoret.fi\\\/sv\\\/\",\"logo\":{\"@type\":\"ImageObject\",\"inLanguage\":\"sv-SE\",\"@id\":\"https:\\\/\\\/kdnuoret.fi\\\/sv\\\/#\\\/schema\\\/logo\\\/image\\\/\",\"url\":\"https:\\\/\\\/kdnuoret.fi\\\/wp-content\\\/uploads\\\/2020\\\/04\\\/logo_horisontti_valk.svg\",\"contentUrl\":\"https:\\\/\\\/kdnuoret.fi\\\/wp-content\\\/uploads\\\/2020\\\/04\\\/logo_horisontti_valk.svg\",\"caption\":\"KD Nuoret\"},\"image\":{\"@id\":\"https:\\\/\\\/kdnuoret.fi\\\/sv\\\/#\\\/schema\\\/logo\\\/image\\\/\"}}]}<\/script>\n<!-- \/ Yoast SEO plugin. -->","yoast_head_json":{"title":"Kontakt - KD Nuoret","robots":{"index":"index","follow":"follow","max-snippet":"max-snippet:-1","max-image-preview":"max-image-preview:large","max-video-preview":"max-video-preview:-1"},"canonical":"https:\/\/kdnuoret.fi\/sv\/kontakt\/","og_locale":"sv_SE","og_type":"article","og_title":"Kontakt - KD Nuoret","og_description":"Har du n\u00e5got att fr\u00e5ga eller letar du efter kontaktuppgifterna till din ungdomskrets? H\u00e4r hittar du kontaktuppgifter till s\u00e5v\u00e4l KD Ungas kontor, ordf\u00f6rande som ungdomskretsarna. Vi ber dig v\u00e4nligen ta h\u00e4nsyn till att personalen huvudsakligen \u00e4r kontaktbar vardagar under kontorstid. Vad ditt \u00e4rende \u00e4n \u00e4r \u2013 ta modigt kontakt! Inna Nilsson Generalsekreterare inna.nilsson@kdnuoret.fi+358 50 543 [&hellip;]","og_url":"https:\/\/kdnuoret.fi\/sv\/kontakt\/","og_site_name":"KD Nuoret","article_modified_time":"2025-01-07T16:20:28+00:00","og_image":[{"width":1600,"height":1200,"url":"https:\/\/kdnuoret.fi\/wp-content\/uploads\/2024\/03\/24-02-09-KD-Nuoret-0378-sRGB-1600px-e1711064294452.jpg","type":"image\/jpeg"}],"twitter_card":"summary_large_image","twitter_misc":{"Ber\u00e4knad l\u00e4stid":"1 minut"},"schema":{"@context":"https:\/\/schema.org","@graph":[{"@type":"WebPage","@id":"https:\/\/kdnuoret.fi\/sv\/kontakt\/","url":"https:\/\/kdnuoret.fi\/sv\/kontakt\/","name":"Kontakt - KD Nuoret","isPartOf":{"@id":"https:\/\/kdnuoret.fi\/sv\/#website"},"primaryImageOfPage":{"@id":"https:\/\/kdnuoret.fi\/sv\/kontakt\/#primaryimage"},"image":{"@id":"https:\/\/kdnuoret.fi\/sv\/kontakt\/#primaryimage"},"thumbnailUrl":"https:\/\/kdnuoret.fi\/wp-content\/uploads\/2024\/03\/24-02-09-KD-Nuoret-0378-sRGB-1600px-e1711064294452.jpg","datePublished":"2021-04-07T10:17:14+00:00","dateModified":"2025-01-07T16:20:28+00:00","breadcrumb":{"@id":"https:\/\/kdnuoret.fi\/sv\/kontakt\/#breadcrumb"},"inLanguage":"sv-SE","potentialAction":[{"@type":"ReadAction","target":["https:\/\/kdnuoret.fi\/sv\/kontakt\/"]}]},{"@type":"ImageObject","inLanguage":"sv-SE","@id":"https:\/\/kdnuoret.fi\/sv\/kontakt\/#primaryimage","url":"https:\/\/kdnuoret.fi\/wp-content\/uploads\/2024\/03\/24-02-09-KD-Nuoret-0378-sRGB-1600px-e1711064294452.jpg","contentUrl":"https:\/\/kdnuoret.fi\/wp-content\/uploads\/2024\/03\/24-02-09-KD-Nuoret-0378-sRGB-1600px-e1711064294452.jpg","width":1600,"height":1200},{"@type":"BreadcrumbList","@id":"https:\/\/kdnuoret.fi\/sv\/kontakt\/#breadcrumb","itemListElement":[{"@type":"ListItem","position":1,"name":"Etusivu","item":"https:\/\/kdnuoret.fi\/sv\/"},{"@type":"ListItem","position":2,"name":"Kontakt"}]},{"@type":"WebSite","@id":"https:\/\/kdnuoret.fi\/sv\/#website","url":"https:\/\/kdnuoret.fi\/sv\/","name":"KD Nuoret","description":"KDN","publisher":{"@id":"https:\/\/kdnuoret.fi\/sv\/#organization"},"potentialAction":[{"@type":"SearchAction","target":{"@type":"EntryPoint","urlTemplate":"https:\/\/kdnuoret.fi\/sv\/?s={search_term_string}"},"query-input":{"@type":"PropertyValueSpecification","valueRequired":true,"valueName":"search_term_string"}}],"inLanguage":"sv-SE"},{"@type":"Organization","@id":"https:\/\/kdnuoret.fi\/sv\/#organization","name":"KD Nuoret","url":"https:\/\/kdnuoret.fi\/sv\/","logo":{"@type":"ImageObject","inLanguage":"sv-SE","@id":"https:\/\/kdnuoret.fi\/sv\/#\/schema\/logo\/image\/","url":"https:\/\/kdnuoret.fi\/wp-content\/uploads\/2020\/04\/logo_horisontti_valk.svg","contentUrl":"https:\/\/kdnuoret.fi\/wp-content\/uploads\/2020\/04\/logo_horisontti_valk.svg","caption":"KD Nuoret"},"image":{"@id":"https:\/\/kdnuoret.fi\/sv\/#\/schema\/logo\/image\/"}}]}},"_links":{"self":[{"href":"https:\/\/kdnuoret.fi\/sv\/wp-json\/wp\/v2\/pages\/4090","targetHints":{"allow":["GET"]}}],"collection":[{"href":"https:\/\/kdnuoret.fi\/sv\/wp-json\/wp\/v2\/pages"}],"about":[{"href":"https:\/\/kdnuoret.fi\/sv\/wp-json\/wp\/v2\/types\/page"}],"author":[{"embeddable":true,"href":"https:\/\/kdnuoret.fi\/sv\/wp-json\/wp\/v2\/users\/1"}],"replies":[{"embeddable":true,"href":"https:\/\/kdnuoret.fi\/sv\/wp-json\/wp\/v2\/comments?post=4090"}],"version-history":[{"count":30,"href":"https:\/\/kdnuoret.fi\/sv\/wp-json\/wp\/v2\/pages\/4090\/revisions"}],"predecessor-version":[{"id":6837,"href":"https:\/\/kdnuoret.fi\/sv\/wp-json\/wp\/v2\/pages\/4090\/revisions\/6837"}],"wp:featuredmedia":[{"embeddable":true,"href":"https:\/\/kdnuoret.fi\/sv\/wp-json\/wp\/v2\/media\/6395"}],"wp:attachment":[{"href":"https:\/\/kdnuoret.fi\/sv\/wp-json\/wp\/v2\/media?parent=4090"}],"curies":[{"name":"wp","href":"https:\/\/api.w.org\/{rel}","templated":true}]}}