{"id":4080,"date":"2021-05-17T13:01:48","date_gmt":"2021-05-17T11:01:48","guid":{"rendered":"https:\/\/kdnuoret.fi\/?page_id=4080"},"modified":"2021-12-03T08:46:31","modified_gmt":"2021-12-03T06:46:31","slug":"verksamhet","status":"publish","type":"page","link":"https:\/\/kdnuoret.fi\/sv\/verksamhet\/","title":{"rendered":"Verksamhet"},"content":{"rendered":"\t\t<div data-elementor-type=\"wp-page\" data-elementor-id=\"4080\" class=\"elementor elementor-4080 elementor-890\" data-elementor-post-type=\"page\">\n\t\t\t\t\t\t<section class=\"elementor-section elementor-top-section elementor-element elementor-element-bb33ac3 elementor-section-boxed elementor-section-height-default elementor-section-height-default\" data-id=\"bb33ac3\" data-element_type=\"section\" data-e-type=\"section\">\n\t\t\t\t\t\t<div class=\"elementor-container elementor-column-gap-default\">\n\t\t\t\t\t<div class=\"elementor-column elementor-col-100 elementor-top-column elementor-element elementor-element-790daa2\" data-id=\"790daa2\" data-element_type=\"column\" data-e-type=\"column\">\n\t\t\t<div class=\"elementor-widget-wrap elementor-element-populated\">\n\t\t\t\t\t\t<div class=\"elementor-element elementor-element-95192d8 elementor-widget elementor-widget-text-editor\" data-id=\"95192d8\" data-element_type=\"widget\" data-e-type=\"widget\" data-widget_type=\"text-editor.default\">\n\t\t\t\t<div class=\"elementor-widget-container\">\n\t\t\t\t\t\t\t\t\t<p>Vill du p\u00e5verka besluten innan de p\u00e5verkar ditt liv? Vill du f\u00e5 din r\u00f6st h\u00f6rd? Om du \u00e4r under 33 \u00e5r gammal och vill utveckla samh\u00e4llet demokratiskt ur en h\u00e5llbar v\u00e4rdegrund \u00e4r KD Unga ungdomsf\u00f6rbundet f\u00f6r dig. Oberoende om du talar svenska, finska eller b\u00e5de och \u00e4r KD Unga ett bra val \u2013 en stor del av v\u00e5r verksamhet g\u00e5r p\u00e5 tv\u00e5 spr\u00e5k.<\/p><p>Ett l\u00e4tt s\u00e4tt att bekanta sig med KD Unga \u00e4r till exempel att delta i f\u00f6ljande Arvoklubb antingen p\u00e5 din ort eller Instagram Live, best\u00e4lla hem tidningen Arvosana som utkommer tv\u00e5 g\u00e5nger i \u00e5ret eller att helt enkelt kontakta antingen din lokala ungdomskrets eller generalsekreteraren. Kom ih\u00e5g att f\u00f6lja KD Unga p\u00e5 sociala media s\u00e5 h\u00e5ller du dig uppdaterad om v\u00e5ra evenemang och kampanjer!<\/p><p>Att vara medlem i KD Unga kostar ingenting och f\u00f6ruts\u00e4tter inte partimedlemskap, men \u00f6ppnar d\u00f6rrar till flera s\u00e4tt att p\u00e5verka och l\u00e4ra sig nytt. Som medlem kan du g\u00f6ra politik i din lokala ungdomskrets, delta i planeringen av politiska resolutioner och organisationsutveckling i v\u00e5ra arbetsgrupper, delta i seminarier, studiebes\u00f6k och exkursioner, r\u00f6sta p\u00e5 \u00e5rssm\u00f6tet och kandidera f\u00f6r f\u00f6rbundets f\u00f6rtroendeuppdrag.<\/p><p>Genom att bli medlem i KD Unga blir du delaktig i en grupp proffsiga, blivande politiker. Vi erbjuder dig kanaler att p\u00e5 riktigt p\u00e5verka s\u00e5v\u00e4l nationell som internationell politik, en m\u00f6jligheter att knyta kontakt med samh\u00e4lleliga och politiska akt\u00f6rer och framf\u00f6r allt chansen att l\u00e4ra k\u00e4nna andra unga som inte endast vill prata om att f\u00f6rb\u00e4ttra v\u00e4rlden.<\/p><p>KD Unga \u00e4r studerande, f\u00f6retagare, arbetsl\u00f6sa och tj\u00e4nstem\u00e4n. Dr\u00f6mmen om ett medm\u00e4nskligt samh\u00e4lle d\u00e4r alla b\u00e4r ansvar och njuter av friheten f\u00f6renar oss. Vi delar en uropeisk, kristdemokratisk ideologi som redan i decennier sporrat till att bygga st\u00e5tliga redsprojekt som t.ex. Europeiska Unionen.<\/p>\t\t\t\t\t\t\t\t<\/div>\n\t\t\t\t<\/div>\n\t\t\t\t\t<\/div>\n\t\t<\/div>\n\t\t\t\t\t<\/div>\n\t\t<\/section>\n\t\t\t\t<\/div>\n\t\t","protected":false},"excerpt":{"rendered":"<p>Vill du p\u00e5verka besluten innan de p\u00e5verkar ditt liv? Vill du f\u00e5 din r\u00f6st h\u00f6rd? Om du \u00e4r under 33 \u00e5r gammal och vill utveckla samh\u00e4llet demokratiskt ur en h\u00e5llbar v\u00e4rdegrund \u00e4r KD Unga ungdomsf\u00f6rbundet f\u00f6r dig. Oberoende om du talar svenska, finska eller b\u00e5de och \u00e4r KD Unga ett bra val \u2013 en stor [&hellip;]<\/p>\n","protected":false},"author":1,"featured_media":3827,"parent":0,"menu_order":0,"comment_status":"closed","ping_status":"closed","template":"","meta":{"ocean_post_layout":"","ocean_both_sidebars_style":"","ocean_both_sidebars_content_width":0,"ocean_both_sidebars_sidebars_width":0,"ocean_sidebar":"0","ocean_second_sidebar":"0","ocean_disable_margins":"enable","ocean_add_body_class":"","ocean_shortcode_before_top_bar":"","ocean_shortcode_after_top_bar":"","ocean_shortcode_before_header":"","ocean_shortcode_after_header":"[oceanwp_library id=\"595\"]","ocean_has_shortcode":"","ocean_shortcode_after_title":"","ocean_shortcode_before_footer_widgets":"","ocean_shortcode_after_footer_widgets":"","ocean_shortcode_before_footer_bottom":"","ocean_shortcode_after_footer_bottom":"","ocean_display_top_bar":"default","ocean_display_header":"default","ocean_header_style":"","ocean_center_header_left_menu":"0","ocean_custom_header_template":"0","ocean_custom_logo":0,"ocean_custom_retina_logo":0,"ocean_custom_logo_max_width":0,"ocean_custom_logo_tablet_max_width":0,"ocean_custom_logo_mobile_max_width":0,"ocean_custom_logo_max_height":0,"ocean_custom_logo_tablet_max_height":0,"ocean_custom_logo_mobile_max_height":0,"ocean_header_custom_menu":"0","ocean_menu_typo_font_family":"0","ocean_menu_typo_font_subset":"","ocean_menu_typo_font_size":0,"ocean_menu_typo_font_size_tablet":0,"ocean_menu_typo_font_size_mobile":0,"ocean_menu_typo_font_size_unit":"px","ocean_menu_typo_font_weight":"","ocean_menu_typo_font_weight_tablet":"","ocean_menu_typo_font_weight_mobile":"","ocean_menu_typo_transform":"","ocean_menu_typo_transform_tablet":"","ocean_menu_typo_transform_mobile":"","ocean_menu_typo_line_height":0,"ocean_menu_typo_line_height_tablet":0,"ocean_menu_typo_line_height_mobile":0,"ocean_menu_typo_line_height_unit":"","ocean_menu_typo_spacing":0,"ocean_menu_typo_spacing_tablet":0,"ocean_menu_typo_spacing_mobile":0,"ocean_menu_typo_spacing_unit":"","ocean_menu_link_color":"","ocean_menu_link_color_hover":"","ocean_menu_link_color_active":"","ocean_menu_link_background":"","ocean_menu_link_hover_background":"","ocean_menu_link_active_background":"","ocean_menu_social_links_bg":"","ocean_menu_social_hover_links_bg":"","ocean_menu_social_links_color":"","ocean_menu_social_hover_links_color":"","ocean_disable_title":"default","ocean_disable_heading":"default","ocean_post_title":"","ocean_post_subheading":"","ocean_post_title_style":"","ocean_post_title_background_color":"","ocean_post_title_background":0,"ocean_post_title_bg_image_position":"","ocean_post_title_bg_image_attachment":"","ocean_post_title_bg_image_repeat":"","ocean_post_title_bg_image_size":"","ocean_post_title_height":0,"ocean_post_title_bg_overlay":0.5,"ocean_post_title_bg_overlay_color":"","ocean_disable_breadcrumbs":"default","ocean_breadcrumbs_color":"","ocean_breadcrumbs_separator_color":"","ocean_breadcrumbs_links_color":"","ocean_breadcrumbs_links_hover_color":"","ocean_display_footer_widgets":"default","ocean_display_footer_bottom":"default","ocean_custom_footer_template":"0","osh_disable_topbar_sticky":"default","osh_disable_header_sticky":"default","osh_sticky_header_style":"default","osh_sticky_header_effect":"","osh_custom_sticky_logo":0,"osh_custom_retina_sticky_logo":0,"osh_custom_sticky_logo_height":0,"osh_background_color":"","osh_links_color":"","osh_links_hover_color":"","osh_links_active_color":"","osh_links_bg_color":"","osh_links_hover_bg_color":"","osh_links_active_bg_color":"","osh_menu_social_links_color":"","osh_menu_social_hover_links_color":"","footnotes":""},"class_list":["post-4080","page","type-page","status-publish","has-post-thumbnail","hentry","entry","has-media"],"yoast_head":"<!-- This site is optimized with the Yoast SEO plugin v27.4 - https:\/\/yoast.com\/product\/yoast-seo-wordpress\/ -->\n<title>Verksamhet - KD Nuoret<\/title>\n<meta name=\"robots\" content=\"index, follow, max-snippet:-1, max-image-preview:large, max-video-preview:-1\" \/>\n<link rel=\"canonical\" href=\"https:\/\/kdnuoret.fi\/sv\/verksamhet\/\" \/>\n<meta property=\"og:locale\" content=\"sv_SE\" \/>\n<meta property=\"og:type\" content=\"article\" \/>\n<meta property=\"og:title\" content=\"Verksamhet - KD Nuoret\" \/>\n<meta property=\"og:description\" content=\"Vill du p\u00e5verka besluten innan de p\u00e5verkar ditt liv? Vill du f\u00e5 din r\u00f6st h\u00f6rd? Om du \u00e4r under 33 \u00e5r gammal och vill utveckla samh\u00e4llet demokratiskt ur en h\u00e5llbar v\u00e4rdegrund \u00e4r KD Unga ungdomsf\u00f6rbundet f\u00f6r dig. Oberoende om du talar svenska, finska eller b\u00e5de och \u00e4r KD Unga ett bra val \u2013 en stor [&hellip;]\" \/>\n<meta property=\"og:url\" content=\"https:\/\/kdnuoret.fi\/sv\/verksamhet\/\" \/>\n<meta property=\"og:site_name\" content=\"KD Nuoret\" \/>\n<meta property=\"article:modified_time\" content=\"2021-12-03T06:46:31+00:00\" \/>\n<meta property=\"og:image\" content=\"https:\/\/kdnuoret.fi\/wp-content\/uploads\/2021\/05\/toiminta_banner.jpg\" \/>\n\t<meta property=\"og:image:width\" content=\"2200\" \/>\n\t<meta property=\"og:image:height\" content=\"521\" \/>\n\t<meta property=\"og:image:type\" content=\"image\/jpeg\" \/>\n<meta name=\"twitter:card\" content=\"summary_large_image\" \/>\n<meta name=\"twitter:label1\" content=\"Ber\u00e4knad l\u00e4stid\" \/>\n\t<meta name=\"twitter:data1\" content=\"2 minuter\" \/>\n<script type=\"application\/ld+json\" class=\"yoast-schema-graph\">{\"@context\":\"https:\\\/\\\/schema.org\",\"@graph\":[{\"@type\":\"WebPage\",\"@id\":\"https:\\\/\\\/kdnuoret.fi\\\/sv\\\/verksamhet\\\/\",\"url\":\"https:\\\/\\\/kdnuoret.fi\\\/sv\\\/verksamhet\\\/\",\"name\":\"Verksamhet - KD Nuoret\",\"isPartOf\":{\"@id\":\"https:\\\/\\\/kdnuoret.fi\\\/sv\\\/#website\"},\"primaryImageOfPage\":{\"@id\":\"https:\\\/\\\/kdnuoret.fi\\\/sv\\\/verksamhet\\\/#primaryimage\"},\"image\":{\"@id\":\"https:\\\/\\\/kdnuoret.fi\\\/sv\\\/verksamhet\\\/#primaryimage\"},\"thumbnailUrl\":\"https:\\\/\\\/kdnuoret.fi\\\/wp-content\\\/uploads\\\/2021\\\/05\\\/toiminta_banner.jpg\",\"datePublished\":\"2021-05-17T11:01:48+00:00\",\"dateModified\":\"2021-12-03T06:46:31+00:00\",\"breadcrumb\":{\"@id\":\"https:\\\/\\\/kdnuoret.fi\\\/sv\\\/verksamhet\\\/#breadcrumb\"},\"inLanguage\":\"sv-SE\",\"potentialAction\":[{\"@type\":\"ReadAction\",\"target\":[\"https:\\\/\\\/kdnuoret.fi\\\/sv\\\/verksamhet\\\/\"]}]},{\"@type\":\"ImageObject\",\"inLanguage\":\"sv-SE\",\"@id\":\"https:\\\/\\\/kdnuoret.fi\\\/sv\\\/verksamhet\\\/#primaryimage\",\"url\":\"https:\\\/\\\/kdnuoret.fi\\\/wp-content\\\/uploads\\\/2021\\\/05\\\/toiminta_banner.jpg\",\"contentUrl\":\"https:\\\/\\\/kdnuoret.fi\\\/wp-content\\\/uploads\\\/2021\\\/05\\\/toiminta_banner.jpg\",\"width\":2200,\"height\":521},{\"@type\":\"BreadcrumbList\",\"@id\":\"https:\\\/\\\/kdnuoret.fi\\\/sv\\\/verksamhet\\\/#breadcrumb\",\"itemListElement\":[{\"@type\":\"ListItem\",\"position\":1,\"name\":\"Etusivu\",\"item\":\"https:\\\/\\\/kdnuoret.fi\\\/sv\\\/\"},{\"@type\":\"ListItem\",\"position\":2,\"name\":\"Verksamhet\"}]},{\"@type\":\"WebSite\",\"@id\":\"https:\\\/\\\/kdnuoret.fi\\\/sv\\\/#website\",\"url\":\"https:\\\/\\\/kdnuoret.fi\\\/sv\\\/\",\"name\":\"KD Nuoret\",\"description\":\"KDN\",\"publisher\":{\"@id\":\"https:\\\/\\\/kdnuoret.fi\\\/sv\\\/#organization\"},\"potentialAction\":[{\"@type\":\"SearchAction\",\"target\":{\"@type\":\"EntryPoint\",\"urlTemplate\":\"https:\\\/\\\/kdnuoret.fi\\\/sv\\\/?s={search_term_string}\"},\"query-input\":{\"@type\":\"PropertyValueSpecification\",\"valueRequired\":true,\"valueName\":\"search_term_string\"}}],\"inLanguage\":\"sv-SE\"},{\"@type\":\"Organization\",\"@id\":\"https:\\\/\\\/kdnuoret.fi\\\/sv\\\/#organization\",\"name\":\"KD Nuoret\",\"url\":\"https:\\\/\\\/kdnuoret.fi\\\/sv\\\/\",\"logo\":{\"@type\":\"ImageObject\",\"inLanguage\":\"sv-SE\",\"@id\":\"https:\\\/\\\/kdnuoret.fi\\\/sv\\\/#\\\/schema\\\/logo\\\/image\\\/\",\"url\":\"https:\\\/\\\/kdnuoret.fi\\\/wp-content\\\/uploads\\\/2020\\\/04\\\/logo_horisontti_valk.svg\",\"contentUrl\":\"https:\\\/\\\/kdnuoret.fi\\\/wp-content\\\/uploads\\\/2020\\\/04\\\/logo_horisontti_valk.svg\",\"caption\":\"KD Nuoret\"},\"image\":{\"@id\":\"https:\\\/\\\/kdnuoret.fi\\\/sv\\\/#\\\/schema\\\/logo\\\/image\\\/\"}}]}<\/script>\n<!-- \/ Yoast SEO plugin. -->","yoast_head_json":{"title":"Verksamhet - KD Nuoret","robots":{"index":"index","follow":"follow","max-snippet":"max-snippet:-1","max-image-preview":"max-image-preview:large","max-video-preview":"max-video-preview:-1"},"canonical":"https:\/\/kdnuoret.fi\/sv\/verksamhet\/","og_locale":"sv_SE","og_type":"article","og_title":"Verksamhet - KD Nuoret","og_description":"Vill du p\u00e5verka besluten innan de p\u00e5verkar ditt liv? Vill du f\u00e5 din r\u00f6st h\u00f6rd? Om du \u00e4r under 33 \u00e5r gammal och vill utveckla samh\u00e4llet demokratiskt ur en h\u00e5llbar v\u00e4rdegrund \u00e4r KD Unga ungdomsf\u00f6rbundet f\u00f6r dig. Oberoende om du talar svenska, finska eller b\u00e5de och \u00e4r KD Unga ett bra val \u2013 en stor [&hellip;]","og_url":"https:\/\/kdnuoret.fi\/sv\/verksamhet\/","og_site_name":"KD Nuoret","article_modified_time":"2021-12-03T06:46:31+00:00","og_image":[{"width":2200,"height":521,"url":"https:\/\/kdnuoret.fi\/wp-content\/uploads\/2021\/05\/toiminta_banner.jpg","type":"image\/jpeg"}],"twitter_card":"summary_large_image","twitter_misc":{"Ber\u00e4knad l\u00e4stid":"2 minuter"},"schema":{"@context":"https:\/\/schema.org","@graph":[{"@type":"WebPage","@id":"https:\/\/kdnuoret.fi\/sv\/verksamhet\/","url":"https:\/\/kdnuoret.fi\/sv\/verksamhet\/","name":"Verksamhet - KD Nuoret","isPartOf":{"@id":"https:\/\/kdnuoret.fi\/sv\/#website"},"primaryImageOfPage":{"@id":"https:\/\/kdnuoret.fi\/sv\/verksamhet\/#primaryimage"},"image":{"@id":"https:\/\/kdnuoret.fi\/sv\/verksamhet\/#primaryimage"},"thumbnailUrl":"https:\/\/kdnuoret.fi\/wp-content\/uploads\/2021\/05\/toiminta_banner.jpg","datePublished":"2021-05-17T11:01:48+00:00","dateModified":"2021-12-03T06:46:31+00:00","breadcrumb":{"@id":"https:\/\/kdnuoret.fi\/sv\/verksamhet\/#breadcrumb"},"inLanguage":"sv-SE","potentialAction":[{"@type":"ReadAction","target":["https:\/\/kdnuoret.fi\/sv\/verksamhet\/"]}]},{"@type":"ImageObject","inLanguage":"sv-SE","@id":"https:\/\/kdnuoret.fi\/sv\/verksamhet\/#primaryimage","url":"https:\/\/kdnuoret.fi\/wp-content\/uploads\/2021\/05\/toiminta_banner.jpg","contentUrl":"https:\/\/kdnuoret.fi\/wp-content\/uploads\/2021\/05\/toiminta_banner.jpg","width":2200,"height":521},{"@type":"BreadcrumbList","@id":"https:\/\/kdnuoret.fi\/sv\/verksamhet\/#breadcrumb","itemListElement":[{"@type":"ListItem","position":1,"name":"Etusivu","item":"https:\/\/kdnuoret.fi\/sv\/"},{"@type":"ListItem","position":2,"name":"Verksamhet"}]},{"@type":"WebSite","@id":"https:\/\/kdnuoret.fi\/sv\/#website","url":"https:\/\/kdnuoret.fi\/sv\/","name":"KD Nuoret","description":"KDN","publisher":{"@id":"https:\/\/kdnuoret.fi\/sv\/#organization"},"potentialAction":[{"@type":"SearchAction","target":{"@type":"EntryPoint","urlTemplate":"https:\/\/kdnuoret.fi\/sv\/?s={search_term_string}"},"query-input":{"@type":"PropertyValueSpecification","valueRequired":true,"valueName":"search_term_string"}}],"inLanguage":"sv-SE"},{"@type":"Organization","@id":"https:\/\/kdnuoret.fi\/sv\/#organization","name":"KD Nuoret","url":"https:\/\/kdnuoret.fi\/sv\/","logo":{"@type":"ImageObject","inLanguage":"sv-SE","@id":"https:\/\/kdnuoret.fi\/sv\/#\/schema\/logo\/image\/","url":"https:\/\/kdnuoret.fi\/wp-content\/uploads\/2020\/04\/logo_horisontti_valk.svg","contentUrl":"https:\/\/kdnuoret.fi\/wp-content\/uploads\/2020\/04\/logo_horisontti_valk.svg","caption":"KD Nuoret"},"image":{"@id":"https:\/\/kdnuoret.fi\/sv\/#\/schema\/logo\/image\/"}}]}},"_links":{"self":[{"href":"https:\/\/kdnuoret.fi\/sv\/wp-json\/wp\/v2\/pages\/4080","targetHints":{"allow":["GET"]}}],"collection":[{"href":"https:\/\/kdnuoret.fi\/sv\/wp-json\/wp\/v2\/pages"}],"about":[{"href":"https:\/\/kdnuoret.fi\/sv\/wp-json\/wp\/v2\/types\/page"}],"author":[{"embeddable":true,"href":"https:\/\/kdnuoret.fi\/sv\/wp-json\/wp\/v2\/users\/1"}],"replies":[{"embeddable":true,"href":"https:\/\/kdnuoret.fi\/sv\/wp-json\/wp\/v2\/comments?post=4080"}],"version-history":[{"count":8,"href":"https:\/\/kdnuoret.fi\/sv\/wp-json\/wp\/v2\/pages\/4080\/revisions"}],"predecessor-version":[{"id":4106,"href":"https:\/\/kdnuoret.fi\/sv\/wp-json\/wp\/v2\/pages\/4080\/revisions\/4106"}],"wp:featuredmedia":[{"embeddable":true,"href":"https:\/\/kdnuoret.fi\/sv\/wp-json\/wp\/v2\/media\/3827"}],"wp:attachment":[{"href":"https:\/\/kdnuoret.fi\/sv\/wp-json\/wp\/v2\/media?parent=4080"}],"curies":[{"name":"wp","href":"https:\/\/api.w.org\/{rel}","templated":true}]}}