{"id":4071,"date":"2021-04-07T13:07:30","date_gmt":"2021-04-07T10:07:30","guid":{"rendered":"https:\/\/kdnuoret.fi\/?page_id=4071"},"modified":"2021-12-03T08:46:31","modified_gmt":"2021-12-03T06:46:31","slug":"politik","status":"publish","type":"page","link":"https:\/\/kdnuoret.fi\/sv\/politik\/","title":{"rendered":"Politik"},"content":{"rendered":"\t\t<div data-elementor-type=\"wp-page\" data-elementor-id=\"4071\" class=\"elementor elementor-4071 elementor-881\" data-elementor-post-type=\"page\">\n\t\t\t\t\t\t<section class=\"elementor-section elementor-top-section elementor-element elementor-element-bb33ac3 elementor-section-boxed elementor-section-height-default elementor-section-height-default\" data-id=\"bb33ac3\" data-element_type=\"section\" data-e-type=\"section\">\n\t\t\t\t\t\t<div class=\"elementor-container elementor-column-gap-default\">\n\t\t\t\t\t<div class=\"elementor-column elementor-col-100 elementor-top-column elementor-element elementor-element-790daa2\" data-id=\"790daa2\" data-element_type=\"column\" data-e-type=\"column\">\n\t\t\t<div class=\"elementor-widget-wrap elementor-element-populated\">\n\t\t\t\t\t\t<div class=\"elementor-element elementor-element-95192d8 elementor-widget elementor-widget-text-editor\" data-id=\"95192d8\" data-element_type=\"widget\" data-e-type=\"widget\" data-widget_type=\"text-editor.default\">\n\t\t\t\t<div class=\"elementor-widget-container\">\n\t\t\t\t\t\t\t\t\t<p>KD Unga vill bygga Finland till ett r\u00e4ttvist, sporrande och tryggt land. Vi vill att alla barn och unga ska kunna lita p\u00e5 att v\u00e4lf\u00e4rdssamh\u00e4llet och en livsduglig planet \u00e4ven tillh\u00f6r framtida generationer. Vi vill att man sporras till arbete och att v\u00e4lf\u00e4rden f\u00f6rdelas r\u00e4ttvist. Vi vill att alla i Finland kan k\u00e4nna sig trygga. Vi vill att alla ska kunna lita p\u00e5 framtiden. (KD Ungas politiska program)<\/p><p>KD Unga \u00e4r ett tv\u00e5spr\u00e5kigt borgerligt, politiskt ungdomsf\u00f6rbund som respekterar familj, frihet och f\u00f6retagsamhet. KD Ungas politik baserar sig p\u00e5 kristdemokratin som \u00e4r den mest popul\u00e4ra politiska inriktningen i Europa. KD Unga samarbetar med sina internationella syskonorganisationer i bl.a. paraplyorganisationerna KDUN(Kristdemokratisk Ungdom i Norden) och YEPP (Youth of European People\u2019s Party).<\/p><p>KD Unga g\u00f6r regelbundet politiska resolutioner och nya inl\u00e4gg i samh\u00e4llsdebatten med m\u00e5ls\u00e4ttningen att bygga en mera kristdemokratisk v\u00e4rld. V\u00e5rt m\u00e5l \u00e4r \u00e5 ena sidan att g\u00f6ra kristdemokratin k\u00e4nd bland unga och \u00e5 andra sidan att h\u00e5lla de ungas r\u00f6st h\u00f6rd inom moderpartiet. I praktiken sker arbetet baserat p\u00e5 v\u00e5rt politiska program och v\u00e5rt principprogram som regelbundet uppdateras och finns under fliken \u2018program\u2019. Aktuella resolutioner, blogginl\u00e4gg och nyheter hittar du under respektive flik. Kom ih\u00e5g att f\u00f6lja KD Unga p\u00e5 sociala media s\u00e5 h\u00f6r du f\u00f6rst om v\u00e5ra aktuella kampanjer och uttalanden!<\/p>\t\t\t\t\t\t\t\t<\/div>\n\t\t\t\t<\/div>\n\t\t\t\t\t<\/div>\n\t\t<\/div>\n\t\t\t\t\t<\/div>\n\t\t<\/section>\n\t\t\t\t<\/div>\n\t\t","protected":false},"excerpt":{"rendered":"<p>KD Unga vill bygga Finland till ett r\u00e4ttvist, sporrande och tryggt land. Vi vill att alla barn och unga ska kunna lita p\u00e5 att v\u00e4lf\u00e4rdssamh\u00e4llet och en livsduglig planet \u00e4ven tillh\u00f6r framtida generationer. Vi vill att man sporras till arbete och att v\u00e4lf\u00e4rden f\u00f6rdelas r\u00e4ttvist. Vi vill att alla i Finland kan k\u00e4nna sig trygga. [&hellip;]<\/p>\n","protected":false},"author":1,"featured_media":3829,"parent":0,"menu_order":0,"comment_status":"closed","ping_status":"closed","template":"","meta":{"ocean_post_layout":"","ocean_both_sidebars_style":"","ocean_both_sidebars_content_width":0,"ocean_both_sidebars_sidebars_width":0,"ocean_sidebar":"0","ocean_second_sidebar":"0","ocean_disable_margins":"enable","ocean_add_body_class":"","ocean_shortcode_before_top_bar":"","ocean_shortcode_after_top_bar":"","ocean_shortcode_before_header":"","ocean_shortcode_after_header":"[oceanwp_library id=\"595\"]","ocean_has_shortcode":"","ocean_shortcode_after_title":"","ocean_shortcode_before_footer_widgets":"","ocean_shortcode_after_footer_widgets":"","ocean_shortcode_before_footer_bottom":"","ocean_shortcode_after_footer_bottom":"","ocean_display_top_bar":"default","ocean_display_header":"default","ocean_header_style":"","ocean_center_header_left_menu":"0","ocean_custom_header_template":"0","ocean_custom_logo":0,"ocean_custom_retina_logo":0,"ocean_custom_logo_max_width":0,"ocean_custom_logo_tablet_max_width":0,"ocean_custom_logo_mobile_max_width":0,"ocean_custom_logo_max_height":0,"ocean_custom_logo_tablet_max_height":0,"ocean_custom_logo_mobile_max_height":0,"ocean_header_custom_menu":"0","ocean_menu_typo_font_family":"0","ocean_menu_typo_font_subset":"","ocean_menu_typo_font_size":0,"ocean_menu_typo_font_size_tablet":0,"ocean_menu_typo_font_size_mobile":0,"ocean_menu_typo_font_size_unit":"px","ocean_menu_typo_font_weight":"","ocean_menu_typo_font_weight_tablet":"","ocean_menu_typo_font_weight_mobile":"","ocean_menu_typo_transform":"","ocean_menu_typo_transform_tablet":"","ocean_menu_typo_transform_mobile":"","ocean_menu_typo_line_height":0,"ocean_menu_typo_line_height_tablet":0,"ocean_menu_typo_line_height_mobile":0,"ocean_menu_typo_line_height_unit":"","ocean_menu_typo_spacing":0,"ocean_menu_typo_spacing_tablet":0,"ocean_menu_typo_spacing_mobile":0,"ocean_menu_typo_spacing_unit":"","ocean_menu_link_color":"","ocean_menu_link_color_hover":"","ocean_menu_link_color_active":"","ocean_menu_link_background":"","ocean_menu_link_hover_background":"","ocean_menu_link_active_background":"","ocean_menu_social_links_bg":"","ocean_menu_social_hover_links_bg":"","ocean_menu_social_links_color":"","ocean_menu_social_hover_links_color":"","ocean_disable_title":"default","ocean_disable_heading":"default","ocean_post_title":"","ocean_post_subheading":"","ocean_post_title_style":"","ocean_post_title_background_color":"","ocean_post_title_background":0,"ocean_post_title_bg_image_position":"","ocean_post_title_bg_image_attachment":"","ocean_post_title_bg_image_repeat":"","ocean_post_title_bg_image_size":"","ocean_post_title_height":0,"ocean_post_title_bg_overlay":0.5,"ocean_post_title_bg_overlay_color":"","ocean_disable_breadcrumbs":"default","ocean_breadcrumbs_color":"","ocean_breadcrumbs_separator_color":"","ocean_breadcrumbs_links_color":"","ocean_breadcrumbs_links_hover_color":"","ocean_display_footer_widgets":"default","ocean_display_footer_bottom":"default","ocean_custom_footer_template":"0","osh_disable_topbar_sticky":"default","osh_disable_header_sticky":"default","osh_sticky_header_style":"default","osh_sticky_header_effect":"","osh_custom_sticky_logo":0,"osh_custom_retina_sticky_logo":0,"osh_custom_sticky_logo_height":0,"osh_background_color":"","osh_links_color":"","osh_links_hover_color":"","osh_links_active_color":"","osh_links_bg_color":"","osh_links_hover_bg_color":"","osh_links_active_bg_color":"","osh_menu_social_links_color":"","osh_menu_social_hover_links_color":"","footnotes":""},"class_list":["post-4071","page","type-page","status-publish","has-post-thumbnail","hentry","entry","has-media"],"yoast_head":"<!-- This site is optimized with the Yoast SEO plugin v27.5 - https:\/\/yoast.com\/product\/yoast-seo-wordpress\/ -->\n<title>Politik - KD Nuoret<\/title>\n<meta name=\"robots\" content=\"index, follow, max-snippet:-1, max-image-preview:large, max-video-preview:-1\" \/>\n<link rel=\"canonical\" href=\"https:\/\/kdnuoret.fi\/sv\/politik\/\" \/>\n<meta property=\"og:locale\" content=\"sv_SE\" \/>\n<meta property=\"og:type\" content=\"article\" \/>\n<meta property=\"og:title\" content=\"Politik - KD Nuoret\" \/>\n<meta property=\"og:description\" content=\"KD Unga vill bygga Finland till ett r\u00e4ttvist, sporrande och tryggt land. Vi vill att alla barn och unga ska kunna lita p\u00e5 att v\u00e4lf\u00e4rdssamh\u00e4llet och en livsduglig planet \u00e4ven tillh\u00f6r framtida generationer. Vi vill att man sporras till arbete och att v\u00e4lf\u00e4rden f\u00f6rdelas r\u00e4ttvist. Vi vill att alla i Finland kan k\u00e4nna sig trygga. [&hellip;]\" \/>\n<meta property=\"og:url\" content=\"https:\/\/kdnuoret.fi\/sv\/politik\/\" \/>\n<meta property=\"og:site_name\" content=\"KD Nuoret\" \/>\n<meta property=\"article:modified_time\" content=\"2021-12-03T06:46:31+00:00\" \/>\n<meta property=\"og:image\" content=\"https:\/\/kdnuoret.fi\/wp-content\/uploads\/2021\/05\/politiikka_banner.jpg\" \/>\n\t<meta property=\"og:image:width\" content=\"2200\" \/>\n\t<meta property=\"og:image:height\" content=\"521\" \/>\n\t<meta property=\"og:image:type\" content=\"image\/jpeg\" \/>\n<meta name=\"twitter:card\" content=\"summary_large_image\" \/>\n<meta name=\"twitter:label1\" content=\"Ber\u00e4knad l\u00e4stid\" \/>\n\t<meta name=\"twitter:data1\" content=\"1 minut\" \/>\n<script type=\"application\/ld+json\" class=\"yoast-schema-graph\">{\"@context\":\"https:\\\/\\\/schema.org\",\"@graph\":[{\"@type\":\"WebPage\",\"@id\":\"https:\\\/\\\/kdnuoret.fi\\\/sv\\\/politik\\\/\",\"url\":\"https:\\\/\\\/kdnuoret.fi\\\/sv\\\/politik\\\/\",\"name\":\"Politik - KD Nuoret\",\"isPartOf\":{\"@id\":\"https:\\\/\\\/kdnuoret.fi\\\/sv\\\/#website\"},\"primaryImageOfPage\":{\"@id\":\"https:\\\/\\\/kdnuoret.fi\\\/sv\\\/politik\\\/#primaryimage\"},\"image\":{\"@id\":\"https:\\\/\\\/kdnuoret.fi\\\/sv\\\/politik\\\/#primaryimage\"},\"thumbnailUrl\":\"https:\\\/\\\/kdnuoret.fi\\\/wp-content\\\/uploads\\\/2021\\\/05\\\/politiikka_banner.jpg\",\"datePublished\":\"2021-04-07T10:07:30+00:00\",\"dateModified\":\"2021-12-03T06:46:31+00:00\",\"breadcrumb\":{\"@id\":\"https:\\\/\\\/kdnuoret.fi\\\/sv\\\/politik\\\/#breadcrumb\"},\"inLanguage\":\"sv-SE\",\"potentialAction\":[{\"@type\":\"ReadAction\",\"target\":[\"https:\\\/\\\/kdnuoret.fi\\\/sv\\\/politik\\\/\"]}]},{\"@type\":\"ImageObject\",\"inLanguage\":\"sv-SE\",\"@id\":\"https:\\\/\\\/kdnuoret.fi\\\/sv\\\/politik\\\/#primaryimage\",\"url\":\"https:\\\/\\\/kdnuoret.fi\\\/wp-content\\\/uploads\\\/2021\\\/05\\\/politiikka_banner.jpg\",\"contentUrl\":\"https:\\\/\\\/kdnuoret.fi\\\/wp-content\\\/uploads\\\/2021\\\/05\\\/politiikka_banner.jpg\",\"width\":2200,\"height\":521},{\"@type\":\"BreadcrumbList\",\"@id\":\"https:\\\/\\\/kdnuoret.fi\\\/sv\\\/politik\\\/#breadcrumb\",\"itemListElement\":[{\"@type\":\"ListItem\",\"position\":1,\"name\":\"Etusivu\",\"item\":\"https:\\\/\\\/kdnuoret.fi\\\/sv\\\/\"},{\"@type\":\"ListItem\",\"position\":2,\"name\":\"Politik\"}]},{\"@type\":\"WebSite\",\"@id\":\"https:\\\/\\\/kdnuoret.fi\\\/sv\\\/#website\",\"url\":\"https:\\\/\\\/kdnuoret.fi\\\/sv\\\/\",\"name\":\"KD Nuoret\",\"description\":\"KDN\",\"publisher\":{\"@id\":\"https:\\\/\\\/kdnuoret.fi\\\/sv\\\/#organization\"},\"potentialAction\":[{\"@type\":\"SearchAction\",\"target\":{\"@type\":\"EntryPoint\",\"urlTemplate\":\"https:\\\/\\\/kdnuoret.fi\\\/sv\\\/?s={search_term_string}\"},\"query-input\":{\"@type\":\"PropertyValueSpecification\",\"valueRequired\":true,\"valueName\":\"search_term_string\"}}],\"inLanguage\":\"sv-SE\"},{\"@type\":\"Organization\",\"@id\":\"https:\\\/\\\/kdnuoret.fi\\\/sv\\\/#organization\",\"name\":\"KD Nuoret\",\"url\":\"https:\\\/\\\/kdnuoret.fi\\\/sv\\\/\",\"logo\":{\"@type\":\"ImageObject\",\"inLanguage\":\"sv-SE\",\"@id\":\"https:\\\/\\\/kdnuoret.fi\\\/sv\\\/#\\\/schema\\\/logo\\\/image\\\/\",\"url\":\"https:\\\/\\\/kdnuoret.fi\\\/wp-content\\\/uploads\\\/2020\\\/04\\\/logo_horisontti_valk.svg\",\"contentUrl\":\"https:\\\/\\\/kdnuoret.fi\\\/wp-content\\\/uploads\\\/2020\\\/04\\\/logo_horisontti_valk.svg\",\"caption\":\"KD Nuoret\"},\"image\":{\"@id\":\"https:\\\/\\\/kdnuoret.fi\\\/sv\\\/#\\\/schema\\\/logo\\\/image\\\/\"}}]}<\/script>\n<!-- \/ Yoast SEO plugin. -->","yoast_head_json":{"title":"Politik - KD Nuoret","robots":{"index":"index","follow":"follow","max-snippet":"max-snippet:-1","max-image-preview":"max-image-preview:large","max-video-preview":"max-video-preview:-1"},"canonical":"https:\/\/kdnuoret.fi\/sv\/politik\/","og_locale":"sv_SE","og_type":"article","og_title":"Politik - KD Nuoret","og_description":"KD Unga vill bygga Finland till ett r\u00e4ttvist, sporrande och tryggt land. Vi vill att alla barn och unga ska kunna lita p\u00e5 att v\u00e4lf\u00e4rdssamh\u00e4llet och en livsduglig planet \u00e4ven tillh\u00f6r framtida generationer. Vi vill att man sporras till arbete och att v\u00e4lf\u00e4rden f\u00f6rdelas r\u00e4ttvist. Vi vill att alla i Finland kan k\u00e4nna sig trygga. [&hellip;]","og_url":"https:\/\/kdnuoret.fi\/sv\/politik\/","og_site_name":"KD Nuoret","article_modified_time":"2021-12-03T06:46:31+00:00","og_image":[{"width":2200,"height":521,"url":"https:\/\/kdnuoret.fi\/wp-content\/uploads\/2021\/05\/politiikka_banner.jpg","type":"image\/jpeg"}],"twitter_card":"summary_large_image","twitter_misc":{"Ber\u00e4knad l\u00e4stid":"1 minut"},"schema":{"@context":"https:\/\/schema.org","@graph":[{"@type":"WebPage","@id":"https:\/\/kdnuoret.fi\/sv\/politik\/","url":"https:\/\/kdnuoret.fi\/sv\/politik\/","name":"Politik - KD Nuoret","isPartOf":{"@id":"https:\/\/kdnuoret.fi\/sv\/#website"},"primaryImageOfPage":{"@id":"https:\/\/kdnuoret.fi\/sv\/politik\/#primaryimage"},"image":{"@id":"https:\/\/kdnuoret.fi\/sv\/politik\/#primaryimage"},"thumbnailUrl":"https:\/\/kdnuoret.fi\/wp-content\/uploads\/2021\/05\/politiikka_banner.jpg","datePublished":"2021-04-07T10:07:30+00:00","dateModified":"2021-12-03T06:46:31+00:00","breadcrumb":{"@id":"https:\/\/kdnuoret.fi\/sv\/politik\/#breadcrumb"},"inLanguage":"sv-SE","potentialAction":[{"@type":"ReadAction","target":["https:\/\/kdnuoret.fi\/sv\/politik\/"]}]},{"@type":"ImageObject","inLanguage":"sv-SE","@id":"https:\/\/kdnuoret.fi\/sv\/politik\/#primaryimage","url":"https:\/\/kdnuoret.fi\/wp-content\/uploads\/2021\/05\/politiikka_banner.jpg","contentUrl":"https:\/\/kdnuoret.fi\/wp-content\/uploads\/2021\/05\/politiikka_banner.jpg","width":2200,"height":521},{"@type":"BreadcrumbList","@id":"https:\/\/kdnuoret.fi\/sv\/politik\/#breadcrumb","itemListElement":[{"@type":"ListItem","position":1,"name":"Etusivu","item":"https:\/\/kdnuoret.fi\/sv\/"},{"@type":"ListItem","position":2,"name":"Politik"}]},{"@type":"WebSite","@id":"https:\/\/kdnuoret.fi\/sv\/#website","url":"https:\/\/kdnuoret.fi\/sv\/","name":"KD Nuoret","description":"KDN","publisher":{"@id":"https:\/\/kdnuoret.fi\/sv\/#organization"},"potentialAction":[{"@type":"SearchAction","target":{"@type":"EntryPoint","urlTemplate":"https:\/\/kdnuoret.fi\/sv\/?s={search_term_string}"},"query-input":{"@type":"PropertyValueSpecification","valueRequired":true,"valueName":"search_term_string"}}],"inLanguage":"sv-SE"},{"@type":"Organization","@id":"https:\/\/kdnuoret.fi\/sv\/#organization","name":"KD Nuoret","url":"https:\/\/kdnuoret.fi\/sv\/","logo":{"@type":"ImageObject","inLanguage":"sv-SE","@id":"https:\/\/kdnuoret.fi\/sv\/#\/schema\/logo\/image\/","url":"https:\/\/kdnuoret.fi\/wp-content\/uploads\/2020\/04\/logo_horisontti_valk.svg","contentUrl":"https:\/\/kdnuoret.fi\/wp-content\/uploads\/2020\/04\/logo_horisontti_valk.svg","caption":"KD Nuoret"},"image":{"@id":"https:\/\/kdnuoret.fi\/sv\/#\/schema\/logo\/image\/"}}]}},"_links":{"self":[{"href":"https:\/\/kdnuoret.fi\/sv\/wp-json\/wp\/v2\/pages\/4071","targetHints":{"allow":["GET"]}}],"collection":[{"href":"https:\/\/kdnuoret.fi\/sv\/wp-json\/wp\/v2\/pages"}],"about":[{"href":"https:\/\/kdnuoret.fi\/sv\/wp-json\/wp\/v2\/types\/page"}],"author":[{"embeddable":true,"href":"https:\/\/kdnuoret.fi\/sv\/wp-json\/wp\/v2\/users\/1"}],"replies":[{"embeddable":true,"href":"https:\/\/kdnuoret.fi\/sv\/wp-json\/wp\/v2\/comments?post=4071"}],"version-history":[{"count":8,"href":"https:\/\/kdnuoret.fi\/sv\/wp-json\/wp\/v2\/pages\/4071\/revisions"}],"predecessor-version":[{"id":4105,"href":"https:\/\/kdnuoret.fi\/sv\/wp-json\/wp\/v2\/pages\/4071\/revisions\/4105"}],"wp:featuredmedia":[{"embeddable":true,"href":"https:\/\/kdnuoret.fi\/sv\/wp-json\/wp\/v2\/media\/3829"}],"wp:attachment":[{"href":"https:\/\/kdnuoret.fi\/sv\/wp-json\/wp\/v2\/media?parent=4071"}],"curies":[{"name":"wp","href":"https:\/\/api.w.org\/{rel}","templated":true}]}}